{"id":1826,"date":"2015-12-16T18:38:40","date_gmt":"2015-12-16T18:38:40","guid":{"rendered":"http:\/\/localhost\/cruzeirosbar\/barrafunda\/?page_id=1826"},"modified":"2021-06-24T19:50:45","modified_gmt":"2021-06-24T19:50:45","slug":"a-casa","status":"publish","type":"page","link":"https:\/\/cruzeirosbar.com.br\/barrafunda\/a-casa\/","title":{"rendered":"A Casa"},"content":{"rendered":"<div class=\"wpb-content-wrapper\"><p>[vc_row full_width=&#8221;stretch_row_content_no_spaces&#8221; has_main_navbar=&#8221;true&#8221; css=&#8221;.vc_custom_1450295770761{margin-bottom: 0px !important;}&#8221;][vc_column][thememove_main_nav sticky_type=&#8221;is-headroom&#8221; init_transparent=&#8221;true&#8221; preset=&#8221;preset-02&#8243; bg=&#8221;#111111&#8243;][\/vc_column][\/vc_row][vc_row full_width=&#8221;stretch_row_content_no_spaces&#8221; css=&#8221;.vc_custom_1450300837497{margin-bottom: 0px !important;}&#8221;][vc_column][rev_slider_vc alias=&#8221;home&#8221;][\/vc_column][\/vc_row][vc_row full_width=&#8221;stretch_row_content_no_spaces&#8221; css=&#8221;.vc_custom_1450718597621{margin-bottom: 10px !important;border-top-width: 10px !important;padding-top: 5px !important;padding-bottom: 7px !important;}&#8221;][vc_column text_align=&#8221;text-center&#8221; el_class=&#8221;menu-title&#8221; css=&#8221;.vc_custom_1450300651807{background-color: #e9c847 !important;}&#8221;][thememove_page_header align=&#8221;center&#8221; title=&#8221;A Casa&#8221; title_color=&#8221;#57192e&#8221;][\/vc_column][\/vc_row][vc_row][vc_column][thememove_photo_carousel images=&#8221;3143, 3144, 3145, 3146, 3147, 3148, 3149, 3150, 3151, 3152, 3153, 3154, 3155, 3156, 3157, 3158, 3159, 3160, 3161, 3162, 3163, 3164, 3165, 3166, 3167, 3168, 3169, 3170, 3171, 3172, 3173, 3174, 3175, 3176, 3177, 3178, 3179, 3180, 3181, 3182, 3183, 3184, 3185, 3186, 3187, 3188, 3189, 3190, 3191, 3192, 3193, 3194, 3195, 3196, 3197, 3198, 3199&#8243;][\/vc_column][\/vc_row][vc_row][vc_column][vc_column_text el_class=&#8221;menu-logo_pb&#8221;]<a href=\"http:\/\/cruzeirosbar.portofinocucinaitaliana.com.br\/barrafunda\/wp-content\/uploads\/2015\/03\/cruzeirosbar-logo_pb.jpg\" rel=\"attachment wp-att-1790\"><img loading=\"lazy\" decoding=\"async\" class=\"aligncenter wp-image-1790 size-full\" src=\"http:\/\/cruzeirosbar.portofinocucinaitaliana.com.br\/barrafunda\/wp-content\/uploads\/2015\/03\/cruzeirosbar-logo_pb.jpg\" alt=\"cruzeirosbar-logo_pb\" width=\"652\" height=\"146\" srcset=\"https:\/\/cruzeirosbar.com.br\/barrafunda\/wp-content\/uploads\/2015\/03\/cruzeirosbar-logo_pb.jpg 652w, https:\/\/cruzeirosbar.com.br\/barrafunda\/wp-content\/uploads\/2015\/03\/cruzeirosbar-logo_pb-300x67.jpg 300w\" sizes=\"auto, (max-width: 652px) 100vw, 652px\" \/><\/a>[\/vc_column_text][vc_column_text]<\/p>\n<p style=\"text-align: center;\"><strong>Ambiente<\/strong><\/p>\n<p>O Cruzeiro&#8217;s firma o prop\u00f3sito de atender um p\u00fablico que busca um ambiente agrad\u00e1vel e de bom gosto, aliado \u00e0 comida brasileira com receitas tradicionais de boteco e grelhados de cortes especiais.<\/p>\n<p>Com capacidade para atender 200 pessoas a casa \u00e9 ideal para confraterniza\u00e7\u00f5es empresariais, anivers\u00e1rios e reuni\u00f5es com amigos amigos e familiares do almo\u00e7o ao jantar passando pelo happy hour.<\/p>\n<p style=\"text-align: center;\"><strong>Hist\u00f3ria<\/strong><\/p>\n<p>Em 01\u00ba de Abril de 1987, Vilso Dargas e sua esposa Marin\u00eas, partiram de Santa Catarina rumo a S\u00e3o Paulo. Na bagagem, como todo casal no in\u00edcio de suas vidas juntos, muitos planos. Inicialmente come\u00e7aram a trabalhar em uma Churrascaria em Guarulhos. Logo em seguida, os irm\u00e3os Edilson, Moacir e Gelson tamb\u00e9m chegaram a S\u00e3o Paulo.<\/p>\n<p>Todos se dedicaram ao mesmo ramo de atividade, trabalhando em bares, restaurantes e churrascarias. Dessa uni\u00e3o de for\u00e7as e expertises, o sonho da fam\u00edlia de ter o seu pr\u00f3prio neg\u00f3cio foi se fortalecendo e conquistando a realidade.<\/p>\n<p>Hoje, contando com 6 casas bem estabelecidas na cidade de S\u00e3o Paulo e em Santo Andr\u00e9, firmam o prop\u00f3sito de atender um p\u00fablico que busca um ambiente agrad\u00e1vel aliado a uma comida de boteco de qualidade. Com algumas refer\u00eancias da gastronomia do sul do pa\u00eds, os card\u00e1pios das casas tem caracter\u00edsticas regionais de sua terra, com a mistura, no ponto certo, de outros toques da gastronomia brasileira, valorizando a comida simples, que hoje \u00e9 apreciada sob os pilares da qualidade e pre\u00e7o justo.<\/p>\n<p>Temos sempre muita satisfa\u00e7\u00e3o em atender voc\u00ea em nossas casas. Ter voc\u00ea como nosso cliente \u00e9 um privil\u00e9gio e nossa motiva\u00e7\u00e3o em buscarmos a excel\u00eancia em nossos servi\u00e7os.<\/p>\n<p>[\/vc_column_text][\/vc_column][\/vc_row][vc_row full_width=&#8221;stretch_row_content_no_spaces&#8221; css=&#8221;.vc_custom_1450296097952{margin-bottom: 0px !important;}&#8221;][vc_column][thememove_footer][\/vc_column][\/vc_row]<\/p>\n<\/div>","protected":false},"excerpt":{"rendered":"<p>[vc_row full_width=&#8221;stretch_row_content_no_spaces&#8221; has_main_navbar=&#8221;true&#8221; css=&#8221;.vc_custom_1450295770761{margin-bottom: 0px !important;}&#8221;][vc_column][thememove_main_nav sticky_type=&#8221;is-headroom&#8221; init_transparent=&#8221;true&#8221; preset=&#8221;preset-02&#8243; bg=&#8221;#111111&#8243;][\/vc_column][\/vc_row][vc_row full_width=&#8221;stretch_row_content_no_spaces&#8221; css=&#8221;.vc_custom_1450300837497{margin-bottom: 0px !important;}&#8221;][vc_column][rev_slider_vc alias=&#8221;home&#8221;][\/vc_column][\/vc_row][vc_row full_width=&#8221;stretch_row_content_no_spaces&#8221; css=&#8221;.vc_custom_1450718597621{margin-bottom: 10px !important;border-top-width: 10px !important;padding-top: 5px !important;padding-bottom: 7px !important;}&#8221;][vc_column text_align=&#8221;text-center&#8221; el_class=&#8221;menu-title&#8221; css=&#8221;.vc_custom_1450300651807{background-color: #e9c847 !important;}&#8221;][thememove_page_header align=&#8221;center&#8221; title=&#8221;A Casa&#8221; title_color=&#8221;#57192e&#8221;][\/vc_column][\/vc_row][vc_row][vc_column][thememove_photo_carousel images=&#8221;3143, 3144, 3145, 3146, 3147, 3148, 3149, 3150, 3151, 3152, 3153, 3154, 3155, 3156, 3157, 3158, 3159, 3160, 3161, 3162, 3163, [&hellip;]<\/p>\n","protected":false},"author":5,"featured_media":0,"parent":0,"menu_order":0,"comment_status":"closed","ping_status":"closed","template":"","meta":{"footnotes":""},"class_list":["post-1826","page","type-page","status-publish","hentry"],"yoast_head":"<!-- This site is optimized with the Yoast SEO plugin v27.2 - https:\/\/yoast.com\/product\/yoast-seo-wordpress\/ -->\n<title>A Casa - Cruzeiro&#039;s Bar | Bar e Restaurante na Barra Funda<\/title>\n<meta name=\"robots\" content=\"index, follow, max-snippet:-1, max-image-preview:large, max-video-preview:-1\" \/>\n<link rel=\"canonical\" href=\"https:\/\/cruzeirosbar.com.br\/barrafunda\/a-casa\/\" \/>\n<meta property=\"og:locale\" content=\"pt_BR\" \/>\n<meta property=\"og:type\" content=\"article\" \/>\n<meta property=\"og:title\" content=\"A Casa - Cruzeiro&#039;s Bar | Bar e Restaurante na Barra Funda\" \/>\n<meta property=\"og:description\" content=\"[vc_row full_width=&#8221;stretch_row_content_no_spaces&#8221; has_main_navbar=&#8221;true&#8221; css=&#8221;.vc_custom_1450295770761{margin-bottom: 0px !important;}&#8221;][vc_column][thememove_main_nav sticky_type=&#8221;is-headroom&#8221; init_transparent=&#8221;true&#8221; preset=&#8221;preset-02&#8243; bg=&#8221;#111111&#8243;][\/vc_column][\/vc_row][vc_row full_width=&#8221;stretch_row_content_no_spaces&#8221; css=&#8221;.vc_custom_1450300837497{margin-bottom: 0px !important;}&#8221;][vc_column][rev_slider_vc alias=&#8221;home&#8221;][\/vc_column][\/vc_row][vc_row full_width=&#8221;stretch_row_content_no_spaces&#8221; css=&#8221;.vc_custom_1450718597621{margin-bottom: 10px !important;border-top-width: 10px !important;padding-top: 5px !important;padding-bottom: 7px !important;}&#8221;][vc_column text_align=&#8221;text-center&#8221; el_class=&#8221;menu-title&#8221; css=&#8221;.vc_custom_1450300651807{background-color: #e9c847 !important;}&#8221;][thememove_page_header align=&#8221;center&#8221; title=&#8221;A Casa&#8221; title_color=&#8221;#57192e&#8221;][\/vc_column][\/vc_row][vc_row][vc_column][thememove_photo_carousel images=&#8221;3143, 3144, 3145, 3146, 3147, 3148, 3149, 3150, 3151, 3152, 3153, 3154, 3155, 3156, 3157, 3158, 3159, 3160, 3161, 3162, 3163, [&hellip;]\" \/>\n<meta property=\"og:url\" content=\"https:\/\/cruzeirosbar.com.br\/barrafunda\/a-casa\/\" \/>\n<meta property=\"og:site_name\" content=\"Cruzeiro&#039;s Bar | Bar e Restaurante na Barra Funda\" \/>\n<meta property=\"article:publisher\" content=\"https:\/\/www.facebook.com\/cruzeirosbar\" \/>\n<meta property=\"article:modified_time\" content=\"2021-06-24T19:50:45+00:00\" \/>\n<meta property=\"og:image\" content=\"http:\/\/cruzeirosbar.portofinocucinaitaliana.com.br\/barrafunda\/wp-content\/uploads\/2015\/03\/cruzeirosbar-logo_pb.jpg\" \/>\n<meta name=\"twitter:card\" content=\"summary_large_image\" \/>\n<meta name=\"twitter:label1\" content=\"Est. tempo de leitura\" \/>\n\t<meta name=\"twitter:data1\" content=\"2 minutos\" \/>\n<script type=\"application\/ld+json\" class=\"yoast-schema-graph\">{\"@context\":\"https:\/\/schema.org\",\"@graph\":[{\"@type\":\"WebPage\",\"@id\":\"https:\/\/cruzeirosbar.com.br\/barrafunda\/a-casa\/\",\"url\":\"https:\/\/cruzeirosbar.com.br\/barrafunda\/a-casa\/\",\"name\":\"A Casa - Cruzeiro&#039;s Bar | Bar e Restaurante na Barra Funda\",\"isPartOf\":{\"@id\":\"https:\/\/cruzeirosbar.com.br\/barrafunda\/#website\"},\"primaryImageOfPage\":{\"@id\":\"https:\/\/cruzeirosbar.com.br\/barrafunda\/a-casa\/#primaryimage\"},\"image\":{\"@id\":\"https:\/\/cruzeirosbar.com.br\/barrafunda\/a-casa\/#primaryimage\"},\"thumbnailUrl\":\"http:\/\/cruzeirosbar.portofinocucinaitaliana.com.br\/barrafunda\/wp-content\/uploads\/2015\/03\/cruzeirosbar-logo_pb.jpg\",\"datePublished\":\"2015-12-16T18:38:40+00:00\",\"dateModified\":\"2021-06-24T19:50:45+00:00\",\"breadcrumb\":{\"@id\":\"https:\/\/cruzeirosbar.com.br\/barrafunda\/a-casa\/#breadcrumb\"},\"inLanguage\":\"pt-BR\",\"potentialAction\":[{\"@type\":\"ReadAction\",\"target\":[\"https:\/\/cruzeirosbar.com.br\/barrafunda\/a-casa\/\"]}]},{\"@type\":\"ImageObject\",\"inLanguage\":\"pt-BR\",\"@id\":\"https:\/\/cruzeirosbar.com.br\/barrafunda\/a-casa\/#primaryimage\",\"url\":\"http:\/\/cruzeirosbar.portofinocucinaitaliana.com.br\/barrafunda\/wp-content\/uploads\/2015\/03\/cruzeirosbar-logo_pb.jpg\",\"contentUrl\":\"http:\/\/cruzeirosbar.portofinocucinaitaliana.com.br\/barrafunda\/wp-content\/uploads\/2015\/03\/cruzeirosbar-logo_pb.jpg\"},{\"@type\":\"BreadcrumbList\",\"@id\":\"https:\/\/cruzeirosbar.com.br\/barrafunda\/a-casa\/#breadcrumb\",\"itemListElement\":[{\"@type\":\"ListItem\",\"position\":1,\"name\":\"In\u00edcio\",\"item\":\"https:\/\/cruzeirosbar.com.br\/barrafunda\/\"},{\"@type\":\"ListItem\",\"position\":2,\"name\":\"A Casa\"}]},{\"@type\":\"WebSite\",\"@id\":\"https:\/\/cruzeirosbar.com.br\/barrafunda\/#website\",\"url\":\"https:\/\/cruzeirosbar.com.br\/barrafunda\/\",\"name\":\"Cruzeiro&#039;s Bar | Bar e Restaurante na Barra Funda\",\"description\":\"A primeira unidade do Cruzeiro&#039;s Bar \u00e9 refer\u00eancia na Barra Funda. Local ideal para almo\u00e7ar, jantar e curtir um happy hour.\",\"publisher\":{\"@id\":\"https:\/\/cruzeirosbar.com.br\/barrafunda\/#organization\"},\"potentialAction\":[{\"@type\":\"SearchAction\",\"target\":{\"@type\":\"EntryPoint\",\"urlTemplate\":\"https:\/\/cruzeirosbar.com.br\/barrafunda\/?s={search_term_string}\"},\"query-input\":{\"@type\":\"PropertyValueSpecification\",\"valueRequired\":true,\"valueName\":\"search_term_string\"}}],\"inLanguage\":\"pt-BR\"},{\"@type\":\"Organization\",\"@id\":\"https:\/\/cruzeirosbar.com.br\/barrafunda\/#organization\",\"name\":\"Cruzeiro's Bar\",\"url\":\"https:\/\/cruzeirosbar.com.br\/barrafunda\/\",\"logo\":{\"@type\":\"ImageObject\",\"inLanguage\":\"pt-BR\",\"@id\":\"https:\/\/cruzeirosbar.com.br\/barrafunda\/#\/schema\/logo\/image\/\",\"url\":\"http:\/\/cruzeirosbar.com.br\/barrafunda\/wp-content\/uploads\/2015\/03\/logo-2.png\",\"contentUrl\":\"http:\/\/cruzeirosbar.com.br\/barrafunda\/wp-content\/uploads\/2015\/03\/logo-2.png\",\"width\":300,\"height\":163,\"caption\":\"Cruzeiro's Bar\"},\"image\":{\"@id\":\"https:\/\/cruzeirosbar.com.br\/barrafunda\/#\/schema\/logo\/image\/\"},\"sameAs\":[\"https:\/\/www.facebook.com\/cruzeirosbar\"]}]}<\/script>\n<!-- \/ Yoast SEO plugin. -->","yoast_head_json":{"title":"A Casa - Cruzeiro&#039;s Bar | Bar e Restaurante na Barra Funda","robots":{"index":"index","follow":"follow","max-snippet":"max-snippet:-1","max-image-preview":"max-image-preview:large","max-video-preview":"max-video-preview:-1"},"canonical":"https:\/\/cruzeirosbar.com.br\/barrafunda\/a-casa\/","og_locale":"pt_BR","og_type":"article","og_title":"A Casa - Cruzeiro&#039;s Bar | Bar e Restaurante na Barra Funda","og_description":"[vc_row full_width=&#8221;stretch_row_content_no_spaces&#8221; has_main_navbar=&#8221;true&#8221; css=&#8221;.vc_custom_1450295770761{margin-bottom: 0px !important;}&#8221;][vc_column][thememove_main_nav sticky_type=&#8221;is-headroom&#8221; init_transparent=&#8221;true&#8221; preset=&#8221;preset-02&#8243; bg=&#8221;#111111&#8243;][\/vc_column][\/vc_row][vc_row full_width=&#8221;stretch_row_content_no_spaces&#8221; css=&#8221;.vc_custom_1450300837497{margin-bottom: 0px !important;}&#8221;][vc_column][rev_slider_vc alias=&#8221;home&#8221;][\/vc_column][\/vc_row][vc_row full_width=&#8221;stretch_row_content_no_spaces&#8221; css=&#8221;.vc_custom_1450718597621{margin-bottom: 10px !important;border-top-width: 10px !important;padding-top: 5px !important;padding-bottom: 7px !important;}&#8221;][vc_column text_align=&#8221;text-center&#8221; el_class=&#8221;menu-title&#8221; css=&#8221;.vc_custom_1450300651807{background-color: #e9c847 !important;}&#8221;][thememove_page_header align=&#8221;center&#8221; title=&#8221;A Casa&#8221; title_color=&#8221;#57192e&#8221;][\/vc_column][\/vc_row][vc_row][vc_column][thememove_photo_carousel images=&#8221;3143, 3144, 3145, 3146, 3147, 3148, 3149, 3150, 3151, 3152, 3153, 3154, 3155, 3156, 3157, 3158, 3159, 3160, 3161, 3162, 3163, [&hellip;]","og_url":"https:\/\/cruzeirosbar.com.br\/barrafunda\/a-casa\/","og_site_name":"Cruzeiro&#039;s Bar | Bar e Restaurante na Barra Funda","article_publisher":"https:\/\/www.facebook.com\/cruzeirosbar","article_modified_time":"2021-06-24T19:50:45+00:00","og_image":[{"url":"http:\/\/cruzeirosbar.portofinocucinaitaliana.com.br\/barrafunda\/wp-content\/uploads\/2015\/03\/cruzeirosbar-logo_pb.jpg","type":"","width":"","height":""}],"twitter_card":"summary_large_image","twitter_misc":{"Est. tempo de leitura":"2 minutos"},"schema":{"@context":"https:\/\/schema.org","@graph":[{"@type":"WebPage","@id":"https:\/\/cruzeirosbar.com.br\/barrafunda\/a-casa\/","url":"https:\/\/cruzeirosbar.com.br\/barrafunda\/a-casa\/","name":"A Casa - Cruzeiro&#039;s Bar | Bar e Restaurante na Barra Funda","isPartOf":{"@id":"https:\/\/cruzeirosbar.com.br\/barrafunda\/#website"},"primaryImageOfPage":{"@id":"https:\/\/cruzeirosbar.com.br\/barrafunda\/a-casa\/#primaryimage"},"image":{"@id":"https:\/\/cruzeirosbar.com.br\/barrafunda\/a-casa\/#primaryimage"},"thumbnailUrl":"http:\/\/cruzeirosbar.portofinocucinaitaliana.com.br\/barrafunda\/wp-content\/uploads\/2015\/03\/cruzeirosbar-logo_pb.jpg","datePublished":"2015-12-16T18:38:40+00:00","dateModified":"2021-06-24T19:50:45+00:00","breadcrumb":{"@id":"https:\/\/cruzeirosbar.com.br\/barrafunda\/a-casa\/#breadcrumb"},"inLanguage":"pt-BR","potentialAction":[{"@type":"ReadAction","target":["https:\/\/cruzeirosbar.com.br\/barrafunda\/a-casa\/"]}]},{"@type":"ImageObject","inLanguage":"pt-BR","@id":"https:\/\/cruzeirosbar.com.br\/barrafunda\/a-casa\/#primaryimage","url":"http:\/\/cruzeirosbar.portofinocucinaitaliana.com.br\/barrafunda\/wp-content\/uploads\/2015\/03\/cruzeirosbar-logo_pb.jpg","contentUrl":"http:\/\/cruzeirosbar.portofinocucinaitaliana.com.br\/barrafunda\/wp-content\/uploads\/2015\/03\/cruzeirosbar-logo_pb.jpg"},{"@type":"BreadcrumbList","@id":"https:\/\/cruzeirosbar.com.br\/barrafunda\/a-casa\/#breadcrumb","itemListElement":[{"@type":"ListItem","position":1,"name":"In\u00edcio","item":"https:\/\/cruzeirosbar.com.br\/barrafunda\/"},{"@type":"ListItem","position":2,"name":"A Casa"}]},{"@type":"WebSite","@id":"https:\/\/cruzeirosbar.com.br\/barrafunda\/#website","url":"https:\/\/cruzeirosbar.com.br\/barrafunda\/","name":"Cruzeiro&#039;s Bar | Bar e Restaurante na Barra Funda","description":"A primeira unidade do Cruzeiro&#039;s Bar \u00e9 refer\u00eancia na Barra Funda. Local ideal para almo\u00e7ar, jantar e curtir um happy hour.","publisher":{"@id":"https:\/\/cruzeirosbar.com.br\/barrafunda\/#organization"},"potentialAction":[{"@type":"SearchAction","target":{"@type":"EntryPoint","urlTemplate":"https:\/\/cruzeirosbar.com.br\/barrafunda\/?s={search_term_string}"},"query-input":{"@type":"PropertyValueSpecification","valueRequired":true,"valueName":"search_term_string"}}],"inLanguage":"pt-BR"},{"@type":"Organization","@id":"https:\/\/cruzeirosbar.com.br\/barrafunda\/#organization","name":"Cruzeiro's Bar","url":"https:\/\/cruzeirosbar.com.br\/barrafunda\/","logo":{"@type":"ImageObject","inLanguage":"pt-BR","@id":"https:\/\/cruzeirosbar.com.br\/barrafunda\/#\/schema\/logo\/image\/","url":"http:\/\/cruzeirosbar.com.br\/barrafunda\/wp-content\/uploads\/2015\/03\/logo-2.png","contentUrl":"http:\/\/cruzeirosbar.com.br\/barrafunda\/wp-content\/uploads\/2015\/03\/logo-2.png","width":300,"height":163,"caption":"Cruzeiro's Bar"},"image":{"@id":"https:\/\/cruzeirosbar.com.br\/barrafunda\/#\/schema\/logo\/image\/"},"sameAs":["https:\/\/www.facebook.com\/cruzeirosbar"]}]}},"_links":{"self":[{"href":"https:\/\/cruzeirosbar.com.br\/barrafunda\/wp-json\/wp\/v2\/pages\/1826","targetHints":{"allow":["GET"]}}],"collection":[{"href":"https:\/\/cruzeirosbar.com.br\/barrafunda\/wp-json\/wp\/v2\/pages"}],"about":[{"href":"https:\/\/cruzeirosbar.com.br\/barrafunda\/wp-json\/wp\/v2\/types\/page"}],"author":[{"embeddable":true,"href":"https:\/\/cruzeirosbar.com.br\/barrafunda\/wp-json\/wp\/v2\/users\/5"}],"replies":[{"embeddable":true,"href":"https:\/\/cruzeirosbar.com.br\/barrafunda\/wp-json\/wp\/v2\/comments?post=1826"}],"version-history":[{"count":33,"href":"https:\/\/cruzeirosbar.com.br\/barrafunda\/wp-json\/wp\/v2\/pages\/1826\/revisions"}],"predecessor-version":[{"id":3201,"href":"https:\/\/cruzeirosbar.com.br\/barrafunda\/wp-json\/wp\/v2\/pages\/1826\/revisions\/3201"}],"wp:attachment":[{"href":"https:\/\/cruzeirosbar.com.br\/barrafunda\/wp-json\/wp\/v2\/media?parent=1826"}],"curies":[{"name":"wp","href":"https:\/\/api.w.org\/{rel}","templated":true}]}}