{"id":2254,"date":"2015-12-21T19:14:40","date_gmt":"2015-12-21T19:14:40","guid":{"rendered":"http:\/\/cruzeirosbar.com.br\/barrafunda\/?page_id=2254"},"modified":"2023-11-09T17:05:35","modified_gmt":"2023-11-09T17:05:35","slug":"reservas","status":"publish","type":"page","link":"https:\/\/cruzeirosbar.com.br\/barrafunda\/reservas\/","title":{"rendered":"Reservas"},"content":{"rendered":"<div class=\"wpb-content-wrapper\"><p>[vc_row full_width=&#8221;stretch_row_content_no_spaces&#8221; has_main_navbar=&#8221;true&#8221; rt_presets=&#8221;none&#8221; rst_color=&#8221;#878787&#8243; lb_bg=&#8221;#ca8162&#8243; lb_color=&#8221;#ffffff&#8221; css=&#8221;.vc_custom_1427880703423{margin-bottom: 0px !important;}&#8221;][vc_column][thememove_main_nav sticky_type=&#8221;is-headroom&#8221; text_color_scheme=&#8221;dark&#8221; bg=&#8221;#ffffff&#8221; sticky=&#8221;true&#8221; logo=&#8221;1063&#8243;][\/vc_column][\/vc_row][vc_row full_width=&#8221;stretch_row_content_no_spaces&#8221;][vc_column][rev_slider_vc alias=&#8221;home&#8221;][\/vc_column][\/vc_row][vc_row css=&#8221;.vc_custom_1437105349106{margin-bottom: 0px !important;padding-top: 80px !important;padding-bottom: 100px !important;}&#8221; rt_presets=&#8221;none&#8221; rst_color=&#8221;#878787&#8243; lb_color=&#8221;#ca8162&#8243; lb_bg=&#8221;#ca8162&#8243;][vc_column width=&#8221;1\/2&#8243; css=&#8221;.vc_custom_1437105594629{padding-right: 50px !important;padding-left: 50px !important;}&#8221;][vc_column_text]<\/p>\n<h2 style=\"text-align: center;\"><strong>Fa\u00e7a sua reserva<\/strong><\/h2>\n<p>[\/vc_column_text][vc_empty_space height=&#8221;15px&#8221;][vc_column_text]<\/p>\n<p style=\"text-align: center;\">Confraterniza\u00e7\u00f5es empresariais ou com os amigos ou momentos com a fam\u00edlia, anivers\u00e1rios ou qualquer outro motivo que voc\u00ea queira celebrar s\u00e3o bem-vindas no Cruzeiro\u00b4s Bar.<\/p>\n<p>Disponibilizamos um ambiente agrad\u00e1vel e um servi\u00e7o de qualidade para receber os seus convidados. Atrav\u00e9s do whatsapp de reservas voc\u00ea pode pedir todas as informa\u00e7\u00f5es que precisar. Inclusive, solicite as op\u00e7\u00f5es de pacotes para grandes grupos.<\/p>\n<p>Aceitamos pedidos de reservas para todos os dias at\u00e9 \u00e0s 19hs ( exceto alguns feriados e datas no final do ano &#8211; consultar) e com 24h de anteced\u00eancia. Durante a semana e no hor\u00e1rio comercial demoramos minutos para responder. Fora do hor\u00e1rio comercial demoramos em m\u00e9dia at\u00e9 1 dia.<\/p>\n<p>Reservas e pacotes somente via whatsapp: <a href=\"https:\/\/api.whatsapp.com\/send\/?phone=551129784056&amp;text=Ol%C3%A1+Fernando%2C+quero+informa%C3%A7%C3%B5es+sobre+reservas+e+pacotes+para+o+Cruzeiro%27s+Bar+Barra+Funda&amp;type=phone_number&amp;app_absent=0\">Clique Aqui <\/a><\/p>\n<p>As reservas ser\u00e3o confirmada pelo pr\u00f3prio atendente.<br \/>\n<div  data-pre_filled=\"Ol\u00e1 Fernando, quero informa\u00e7\u00f5es sobre reservas e pacotes para o Cruzeiro&#039;s Bar Barra Funda\" data-style=\"7_1\" style=\"display: inline; cursor: pointer; z-index: 99999999; \" class=\"ht-ctc-sc ht-ctc-sc-chat sc-style-7_1 ht-ctc-inline\"><style id=\"ht-ctc-sc-s7_1\">.ht-ctc-sc.sc-style-7_1:hover .ctc_s_7_1{background-color:#00d34d !important;}.ht-ctc-sc.sc-style-7_1:hover .ctc_s_7_1_cta{color:#f4f4f4 !important;}.ht-ctc-sc.sc-style-7_1:hover svg g path{fill:#f4f4f4 !important;}<\/style>\r\n    <div class=\"ctc_s_7_1 ctc-analytics\" style=\"display:inline-flex;justify-content:center;align-items:center;padding:5px 25px; background-color:#25D366;border-radius:25px;\">\r\n        <p class=\"ctc_s_7_1_cta ctc-analytics ctc_cta ht-ctc-cta \" style=\"padding: 1px 16px; color: #ffffff; border-radius:10px; margin:0 10px; order: 1; \">Reservas e Pacotes - Whatsapp<\/p>\r\n        <div class=\"ctc_s_7_icon_padding ctc-analytics \" style=\"display:inline-flex; \">\r\n            <svg style=\"pointer-events:none; display:block; height:20px; width:20px;\" height=\"20px\" version=\"1.1\" viewBox=\"0 0 509 512\" width=\"20px\">\r\n        <g fill=\"none\" fill-rule=\"evenodd\" id=\"Page-1\" stroke=\"none\" stroke-width=\"1\">\r\n            <path style=\"fill: #ffffff;\" d=\"M259.253137,0.00180389396 C121.502859,0.00180389396 9.83730687,111.662896 9.83730687,249.413175 C9.83730687,296.530232 22.9142299,340.597122 45.6254897,378.191325 L0.613226597,512.001804 L138.700183,467.787757 C174.430395,487.549184 215.522926,498.811168 259.253137,498.811168 C396.994498,498.811168 508.660049,387.154535 508.660049,249.415405 C508.662279,111.662896 396.996727,0.00180389396 259.253137,0.00180389396 L259.253137,0.00180389396 Z M259.253137,459.089875 C216.65782,459.089875 176.998957,446.313956 143.886359,424.41206 L63.3044195,450.21808 L89.4939401,372.345171 C64.3924908,337.776609 49.5608297,295.299463 49.5608297,249.406486 C49.5608297,133.783298 143.627719,39.7186378 259.253137,39.7186378 C374.871867,39.7186378 468.940986,133.783298 468.940986,249.406486 C468.940986,365.025215 374.874096,459.089875 259.253137,459.089875 Z M200.755924,146.247066 C196.715791,136.510165 193.62103,136.180176 187.380228,135.883632 C185.239759,135.781068 182.918689,135.682963 180.379113,135.682963 C172.338979,135.682963 164.002301,138.050856 158.97889,143.19021 C152.865178,149.44439 137.578667,164.09322 137.578667,194.171258 C137.578667,224.253755 159.487251,253.321759 162.539648,257.402027 C165.600963,261.477835 205.268745,324.111057 266.985579,349.682963 C315.157262,369.636141 329.460495,367.859106 340.450462,365.455539 C356.441543,361.9639 376.521811,350.186865 381.616571,335.917077 C386.711331,321.63837 386.711331,309.399797 385.184018,306.857991 C383.654475,304.305037 379.578667,302.782183 373.464955,299.716408 C367.351242,296.659552 337.288812,281.870254 331.68569,279.83458 C326.080339,277.796676 320.898622,278.418749 316.5887,284.378615 C310.639982,292.612729 304.918689,301.074268 300.180674,306.09099 C296.46161,310.02856 290.477218,310.577055 285.331175,308.389764 C278.564174,305.506821 259.516237,298.869139 236.160607,278.048627 C217.988923,261.847958 205.716906,241.83458 202.149458,235.711949 C198.582011,229.598236 201.835077,225.948292 204.584241,222.621648 C207.719135,218.824546 210.610997,216.097679 213.667853,212.532462 C216.724709,208.960555 218.432625,207.05866 220.470529,202.973933 C222.508433,198.898125 221.137195,194.690767 219.607652,191.629452 C218.07588,188.568136 205.835077,158.494558 200.755924,146.247066 Z\" \r\n            fill=\"#ffffff\" id=\"htwaicon-chat-sc\"\/>\r\n        <\/g>\r\n        <\/svg>\r\n        <\/div>\r\n    <\/div>\r\n<\/div>\n<p>[\/vc_column_text][vc_empty_space height=&#8221;20px&#8221;][vc_empty_space height=&#8221;30px&#8221;][\/vc_column][vc_column width=&#8221;1\/2&#8243;][vc_empty_space height=&#8221;15px&#8221;]<\/p>\n<p>[\/vc_column][\/vc_row][vc_row][vc_column][\/vc_column][\/vc_row][vc_row full_width=&#8221;stretch_row_content_no_spaces&#8221; rt_presets=&#8221;none&#8221; rst_color=&#8221;#878787&#8243; lb_bg=&#8221;#ca8162&#8243; lb_color=&#8221;#ffffff&#8221; lb_shape=&#8221;square&#8221; css=&#8221;.vc_custom_1431673193988{margin-bottom: 0px !important;}&#8221;][vc_column][thememove_footer][\/vc_column][\/vc_row]<\/p>\n<\/div>","protected":false},"excerpt":{"rendered":"<p>[vc_row full_width=&#8221;stretch_row_content_no_spaces&#8221; has_main_navbar=&#8221;true&#8221; rt_presets=&#8221;none&#8221; rst_color=&#8221;#878787&#8243; lb_bg=&#8221;#ca8162&#8243; lb_color=&#8221;#ffffff&#8221; css=&#8221;.vc_custom_1427880703423{margin-bottom: 0px !important;}&#8221;][vc_column][thememove_main_nav sticky_type=&#8221;is-headroom&#8221; text_color_scheme=&#8221;dark&#8221; bg=&#8221;#ffffff&#8221; sticky=&#8221;true&#8221; logo=&#8221;1063&#8243;][\/vc_column][\/vc_row][vc_row full_width=&#8221;stretch_row_content_no_spaces&#8221;][vc_column][rev_slider_vc alias=&#8221;home&#8221;][\/vc_column][\/vc_row][vc_row css=&#8221;.vc_custom_1437105349106{margin-bottom: 0px !important;padding-top: 80px !important;padding-bottom: 100px !important;}&#8221; rt_presets=&#8221;none&#8221; rst_color=&#8221;#878787&#8243; lb_color=&#8221;#ca8162&#8243; lb_bg=&#8221;#ca8162&#8243;][vc_column width=&#8221;1\/2&#8243; css=&#8221;.vc_custom_1437105594629{padding-right: 50px !important;padding-left: 50px !important;}&#8221;][vc_column_text] Fa\u00e7a sua reserva [\/vc_column_text][vc_empty_space height=&#8221;15px&#8221;][vc_column_text] Confraterniza\u00e7\u00f5es empresariais ou com os amigos ou momentos com a fam\u00edlia, anivers\u00e1rios ou qualquer outro motivo [&hellip;]<\/p>\n","protected":false},"author":5,"featured_media":0,"parent":0,"menu_order":0,"comment_status":"closed","ping_status":"closed","template":"","meta":{"footnotes":""},"class_list":["post-2254","page","type-page","status-publish","hentry"],"yoast_head":"<!-- This site is optimized with the Yoast SEO plugin v27.2 - https:\/\/yoast.com\/product\/yoast-seo-wordpress\/ -->\n<title>Reservas - Cruzeiro&#039;s Bar | Bar e Restaurante na Barra Funda<\/title>\n<meta name=\"robots\" content=\"index, follow, max-snippet:-1, max-image-preview:large, max-video-preview:-1\" \/>\n<link rel=\"canonical\" href=\"https:\/\/cruzeirosbar.com.br\/barrafunda\/reservas\/\" \/>\n<meta property=\"og:locale\" content=\"pt_BR\" \/>\n<meta property=\"og:type\" content=\"article\" \/>\n<meta property=\"og:title\" content=\"Reservas - Cruzeiro&#039;s Bar | Bar e Restaurante na Barra Funda\" \/>\n<meta property=\"og:description\" content=\"[vc_row full_width=&#8221;stretch_row_content_no_spaces&#8221; has_main_navbar=&#8221;true&#8221; rt_presets=&#8221;none&#8221; rst_color=&#8221;#878787&#8243; lb_bg=&#8221;#ca8162&#8243; lb_color=&#8221;#ffffff&#8221; css=&#8221;.vc_custom_1427880703423{margin-bottom: 0px !important;}&#8221;][vc_column][thememove_main_nav sticky_type=&#8221;is-headroom&#8221; text_color_scheme=&#8221;dark&#8221; bg=&#8221;#ffffff&#8221; sticky=&#8221;true&#8221; logo=&#8221;1063&#8243;][\/vc_column][\/vc_row][vc_row full_width=&#8221;stretch_row_content_no_spaces&#8221;][vc_column][rev_slider_vc alias=&#8221;home&#8221;][\/vc_column][\/vc_row][vc_row css=&#8221;.vc_custom_1437105349106{margin-bottom: 0px !important;padding-top: 80px !important;padding-bottom: 100px !important;}&#8221; rt_presets=&#8221;none&#8221; rst_color=&#8221;#878787&#8243; lb_color=&#8221;#ca8162&#8243; lb_bg=&#8221;#ca8162&#8243;][vc_column width=&#8221;1\/2&#8243; css=&#8221;.vc_custom_1437105594629{padding-right: 50px !important;padding-left: 50px !important;}&#8221;][vc_column_text] Fa\u00e7a sua reserva [\/vc_column_text][vc_empty_space height=&#8221;15px&#8221;][vc_column_text] Confraterniza\u00e7\u00f5es empresariais ou com os amigos ou momentos com a fam\u00edlia, anivers\u00e1rios ou qualquer outro motivo [&hellip;]\" \/>\n<meta property=\"og:url\" content=\"https:\/\/cruzeirosbar.com.br\/barrafunda\/reservas\/\" \/>\n<meta property=\"og:site_name\" content=\"Cruzeiro&#039;s Bar | Bar e Restaurante na Barra Funda\" \/>\n<meta property=\"article:publisher\" content=\"https:\/\/www.facebook.com\/cruzeirosbar\" \/>\n<meta property=\"article:modified_time\" content=\"2023-11-09T17:05:35+00:00\" \/>\n<meta property=\"og:image\" content=\"https:\/\/cruzeirosbar.com.br\/barrafunda\/wp-content\/uploads\/2015\/12\/IMG_4641.jpg\" \/>\n\t<meta property=\"og:image:width\" content=\"1024\" \/>\n\t<meta property=\"og:image:height\" content=\"683\" \/>\n\t<meta property=\"og:image:type\" content=\"image\/jpeg\" \/>\n<meta name=\"twitter:card\" content=\"summary_large_image\" \/>\n<meta name=\"twitter:label1\" content=\"Est. tempo de leitura\" \/>\n\t<meta name=\"twitter:data1\" content=\"1 minuto\" \/>\n<script type=\"application\/ld+json\" class=\"yoast-schema-graph\">{\"@context\":\"https:\/\/schema.org\",\"@graph\":[{\"@type\":\"WebPage\",\"@id\":\"https:\/\/cruzeirosbar.com.br\/barrafunda\/reservas\/\",\"url\":\"https:\/\/cruzeirosbar.com.br\/barrafunda\/reservas\/\",\"name\":\"Reservas - Cruzeiro&#039;s Bar | Bar e Restaurante na Barra Funda\",\"isPartOf\":{\"@id\":\"https:\/\/cruzeirosbar.com.br\/barrafunda\/#website\"},\"datePublished\":\"2015-12-21T19:14:40+00:00\",\"dateModified\":\"2023-11-09T17:05:35+00:00\",\"breadcrumb\":{\"@id\":\"https:\/\/cruzeirosbar.com.br\/barrafunda\/reservas\/#breadcrumb\"},\"inLanguage\":\"pt-BR\",\"potentialAction\":[{\"@type\":\"ReadAction\",\"target\":[\"https:\/\/cruzeirosbar.com.br\/barrafunda\/reservas\/\"]}]},{\"@type\":\"BreadcrumbList\",\"@id\":\"https:\/\/cruzeirosbar.com.br\/barrafunda\/reservas\/#breadcrumb\",\"itemListElement\":[{\"@type\":\"ListItem\",\"position\":1,\"name\":\"In\u00edcio\",\"item\":\"https:\/\/cruzeirosbar.com.br\/barrafunda\/\"},{\"@type\":\"ListItem\",\"position\":2,\"name\":\"Reservas\"}]},{\"@type\":\"WebSite\",\"@id\":\"https:\/\/cruzeirosbar.com.br\/barrafunda\/#website\",\"url\":\"https:\/\/cruzeirosbar.com.br\/barrafunda\/\",\"name\":\"Cruzeiro&#039;s Bar | Bar e Restaurante na Barra Funda\",\"description\":\"A primeira unidade do Cruzeiro&#039;s Bar \u00e9 refer\u00eancia na Barra Funda. Local ideal para almo\u00e7ar, jantar e curtir um happy hour.\",\"publisher\":{\"@id\":\"https:\/\/cruzeirosbar.com.br\/barrafunda\/#organization\"},\"potentialAction\":[{\"@type\":\"SearchAction\",\"target\":{\"@type\":\"EntryPoint\",\"urlTemplate\":\"https:\/\/cruzeirosbar.com.br\/barrafunda\/?s={search_term_string}\"},\"query-input\":{\"@type\":\"PropertyValueSpecification\",\"valueRequired\":true,\"valueName\":\"search_term_string\"}}],\"inLanguage\":\"pt-BR\"},{\"@type\":\"Organization\",\"@id\":\"https:\/\/cruzeirosbar.com.br\/barrafunda\/#organization\",\"name\":\"Cruzeiro's Bar\",\"url\":\"https:\/\/cruzeirosbar.com.br\/barrafunda\/\",\"logo\":{\"@type\":\"ImageObject\",\"inLanguage\":\"pt-BR\",\"@id\":\"https:\/\/cruzeirosbar.com.br\/barrafunda\/#\/schema\/logo\/image\/\",\"url\":\"http:\/\/cruzeirosbar.com.br\/barrafunda\/wp-content\/uploads\/2015\/03\/logo-2.png\",\"contentUrl\":\"http:\/\/cruzeirosbar.com.br\/barrafunda\/wp-content\/uploads\/2015\/03\/logo-2.png\",\"width\":300,\"height\":163,\"caption\":\"Cruzeiro's Bar\"},\"image\":{\"@id\":\"https:\/\/cruzeirosbar.com.br\/barrafunda\/#\/schema\/logo\/image\/\"},\"sameAs\":[\"https:\/\/www.facebook.com\/cruzeirosbar\"]}]}<\/script>\n<!-- \/ Yoast SEO plugin. -->","yoast_head_json":{"title":"Reservas - Cruzeiro&#039;s Bar | Bar e Restaurante na Barra Funda","robots":{"index":"index","follow":"follow","max-snippet":"max-snippet:-1","max-image-preview":"max-image-preview:large","max-video-preview":"max-video-preview:-1"},"canonical":"https:\/\/cruzeirosbar.com.br\/barrafunda\/reservas\/","og_locale":"pt_BR","og_type":"article","og_title":"Reservas - Cruzeiro&#039;s Bar | Bar e Restaurante na Barra Funda","og_description":"[vc_row full_width=&#8221;stretch_row_content_no_spaces&#8221; has_main_navbar=&#8221;true&#8221; rt_presets=&#8221;none&#8221; rst_color=&#8221;#878787&#8243; lb_bg=&#8221;#ca8162&#8243; lb_color=&#8221;#ffffff&#8221; css=&#8221;.vc_custom_1427880703423{margin-bottom: 0px !important;}&#8221;][vc_column][thememove_main_nav sticky_type=&#8221;is-headroom&#8221; text_color_scheme=&#8221;dark&#8221; bg=&#8221;#ffffff&#8221; sticky=&#8221;true&#8221; logo=&#8221;1063&#8243;][\/vc_column][\/vc_row][vc_row full_width=&#8221;stretch_row_content_no_spaces&#8221;][vc_column][rev_slider_vc alias=&#8221;home&#8221;][\/vc_column][\/vc_row][vc_row css=&#8221;.vc_custom_1437105349106{margin-bottom: 0px !important;padding-top: 80px !important;padding-bottom: 100px !important;}&#8221; rt_presets=&#8221;none&#8221; rst_color=&#8221;#878787&#8243; lb_color=&#8221;#ca8162&#8243; lb_bg=&#8221;#ca8162&#8243;][vc_column width=&#8221;1\/2&#8243; css=&#8221;.vc_custom_1437105594629{padding-right: 50px !important;padding-left: 50px !important;}&#8221;][vc_column_text] Fa\u00e7a sua reserva [\/vc_column_text][vc_empty_space height=&#8221;15px&#8221;][vc_column_text] Confraterniza\u00e7\u00f5es empresariais ou com os amigos ou momentos com a fam\u00edlia, anivers\u00e1rios ou qualquer outro motivo [&hellip;]","og_url":"https:\/\/cruzeirosbar.com.br\/barrafunda\/reservas\/","og_site_name":"Cruzeiro&#039;s Bar | Bar e Restaurante na Barra Funda","article_publisher":"https:\/\/www.facebook.com\/cruzeirosbar","article_modified_time":"2023-11-09T17:05:35+00:00","og_image":[{"width":1024,"height":683,"url":"https:\/\/cruzeirosbar.com.br\/barrafunda\/wp-content\/uploads\/2015\/12\/IMG_4641.jpg","type":"image\/jpeg"}],"twitter_card":"summary_large_image","twitter_misc":{"Est. tempo de leitura":"1 minuto"},"schema":{"@context":"https:\/\/schema.org","@graph":[{"@type":"WebPage","@id":"https:\/\/cruzeirosbar.com.br\/barrafunda\/reservas\/","url":"https:\/\/cruzeirosbar.com.br\/barrafunda\/reservas\/","name":"Reservas - Cruzeiro&#039;s Bar | Bar e Restaurante na Barra Funda","isPartOf":{"@id":"https:\/\/cruzeirosbar.com.br\/barrafunda\/#website"},"datePublished":"2015-12-21T19:14:40+00:00","dateModified":"2023-11-09T17:05:35+00:00","breadcrumb":{"@id":"https:\/\/cruzeirosbar.com.br\/barrafunda\/reservas\/#breadcrumb"},"inLanguage":"pt-BR","potentialAction":[{"@type":"ReadAction","target":["https:\/\/cruzeirosbar.com.br\/barrafunda\/reservas\/"]}]},{"@type":"BreadcrumbList","@id":"https:\/\/cruzeirosbar.com.br\/barrafunda\/reservas\/#breadcrumb","itemListElement":[{"@type":"ListItem","position":1,"name":"In\u00edcio","item":"https:\/\/cruzeirosbar.com.br\/barrafunda\/"},{"@type":"ListItem","position":2,"name":"Reservas"}]},{"@type":"WebSite","@id":"https:\/\/cruzeirosbar.com.br\/barrafunda\/#website","url":"https:\/\/cruzeirosbar.com.br\/barrafunda\/","name":"Cruzeiro&#039;s Bar | Bar e Restaurante na Barra Funda","description":"A primeira unidade do Cruzeiro&#039;s Bar \u00e9 refer\u00eancia na Barra Funda. Local ideal para almo\u00e7ar, jantar e curtir um happy hour.","publisher":{"@id":"https:\/\/cruzeirosbar.com.br\/barrafunda\/#organization"},"potentialAction":[{"@type":"SearchAction","target":{"@type":"EntryPoint","urlTemplate":"https:\/\/cruzeirosbar.com.br\/barrafunda\/?s={search_term_string}"},"query-input":{"@type":"PropertyValueSpecification","valueRequired":true,"valueName":"search_term_string"}}],"inLanguage":"pt-BR"},{"@type":"Organization","@id":"https:\/\/cruzeirosbar.com.br\/barrafunda\/#organization","name":"Cruzeiro's Bar","url":"https:\/\/cruzeirosbar.com.br\/barrafunda\/","logo":{"@type":"ImageObject","inLanguage":"pt-BR","@id":"https:\/\/cruzeirosbar.com.br\/barrafunda\/#\/schema\/logo\/image\/","url":"http:\/\/cruzeirosbar.com.br\/barrafunda\/wp-content\/uploads\/2015\/03\/logo-2.png","contentUrl":"http:\/\/cruzeirosbar.com.br\/barrafunda\/wp-content\/uploads\/2015\/03\/logo-2.png","width":300,"height":163,"caption":"Cruzeiro's Bar"},"image":{"@id":"https:\/\/cruzeirosbar.com.br\/barrafunda\/#\/schema\/logo\/image\/"},"sameAs":["https:\/\/www.facebook.com\/cruzeirosbar"]}]}},"_links":{"self":[{"href":"https:\/\/cruzeirosbar.com.br\/barrafunda\/wp-json\/wp\/v2\/pages\/2254","targetHints":{"allow":["GET"]}}],"collection":[{"href":"https:\/\/cruzeirosbar.com.br\/barrafunda\/wp-json\/wp\/v2\/pages"}],"about":[{"href":"https:\/\/cruzeirosbar.com.br\/barrafunda\/wp-json\/wp\/v2\/types\/page"}],"author":[{"embeddable":true,"href":"https:\/\/cruzeirosbar.com.br\/barrafunda\/wp-json\/wp\/v2\/users\/5"}],"replies":[{"embeddable":true,"href":"https:\/\/cruzeirosbar.com.br\/barrafunda\/wp-json\/wp\/v2\/comments?post=2254"}],"version-history":[{"count":8,"href":"https:\/\/cruzeirosbar.com.br\/barrafunda\/wp-json\/wp\/v2\/pages\/2254\/revisions"}],"predecessor-version":[{"id":3252,"href":"https:\/\/cruzeirosbar.com.br\/barrafunda\/wp-json\/wp\/v2\/pages\/2254\/revisions\/3252"}],"wp:attachment":[{"href":"https:\/\/cruzeirosbar.com.br\/barrafunda\/wp-json\/wp\/v2\/media?parent=2254"}],"curies":[{"name":"wp","href":"https:\/\/api.w.org\/{rel}","templated":true}]}}