{"id":2359,"date":"2016-01-11T21:46:15","date_gmt":"2016-01-11T21:46:15","guid":{"rendered":"http:\/\/cruzeirosbar.com.br\/barrafunda\/?page_id=2359"},"modified":"2016-12-06T17:21:57","modified_gmt":"2016-12-06T17:21:57","slug":"trabalhe-conosco","status":"publish","type":"page","link":"https:\/\/cruzeirosbar.com.br\/barrafunda\/trabalhe-conosco\/","title":{"rendered":"Trabalhe Conosco"},"content":{"rendered":"<div class=\"wpb-content-wrapper\"><p>[vc_row full_width=&#8221;stretch_row_content_no_spaces&#8221; has_main_navbar=&#8221;true&#8221; rt_presets=&#8221;none&#8221; rst_color=&#8221;#878787&#8243; lb_bg=&#8221;#ca8162&#8243; lb_color=&#8221;#ffffff&#8221; css=&#8221;.vc_custom_1427880703423{margin-bottom: 0px !important;}&#8221;][vc_column][thememove_main_nav sticky_type=&#8221;is-headroom&#8221; text_color_scheme=&#8221;dark&#8221; bg=&#8221;#ffffff&#8221; sticky=&#8221;true&#8221; logo=&#8221;1063&#8243;][\/vc_column][\/vc_row][vc_row full_width=&#8221;stretch_row_content_no_spaces&#8221;][vc_column][rev_slider_vc alias=&#8221;home&#8221;][thememove_page_header align=&#8221;center&#8221; show_motif=&#8221;true&#8221; title=&#8221;Trabalhe Conosco&#8221;][\/vc_column][\/vc_row][vc_row][vc_column width=&#8221;1\/4&#8243;][vc_single_image image=&#8221;2844&#8243; img_size=&#8221;full&#8221;][vc_column_text css_animation=&#8221;left-to-right&#8221;]<\/p>\n<p style=\"text-align: justify;\"><strong>Preencha o formul\u00e1rio e envie para nossa equipe de RH<\/strong>, que entrar\u00e1 em contato assim que poss\u00edvel.<\/p>\n<p style=\"text-align: justify;\">Seus dados ser\u00e3o analisados de acordo com as vagas dispon\u00edveis do <strong>Grupo Fam\u00edlia Dargas<\/strong> ( Casas: <em>Caetano&#8217;s Bar | Villa Caetano&#8217;s | Cruzeiro&#8217;s Bar Cantareira \/ Carapicu\u00edba \/ Barra Funda \/ Santo Andr\u00e9 | PortoFino Cucina Italiana<\/em>).<\/p>\n<p style=\"text-align: justify;\"><strong>Obrigado!<\/strong><\/p>\n<p>[\/vc_column_text][\/vc_column][vc_column width=&#8221;3\/4&#8243;][vc_raw_html]JTNDc2NyaXB0JTIwc3JjJTNEJTIyaHR0cHMlM0ElMkYlMkZwb2Rpby5jb20lMkZ3ZWJmb3JtcyUyRjE1MDc4NjE5JTJGMTAxMDkzNS5qcyUyMiUzRSUzQyUyRnNjcmlwdCUzRSUwQSUzQ3NjcmlwdCUyMHR5cGUlM0QlMjJ0ZXh0JTJGamF2YXNjcmlwdCUyMiUzRSUwQSUyMCUyMF9wb2Rpb1dlYkZvcm0ucmVuZGVyJTI4JTIyMTAxMDkzNSUyMiUyOSUwQSUzQyUyRnNjcmlwdCUzRSUwQSUzQ25vc2NyaXB0JTNFJTBBJTIwJTIwJTNDYSUyMGhyZWYlM0QlMjJodHRwcyUzQSUyRiUyRnBvZGlvLmNvbSUyRndlYmZvcm1zJTJGMTUwNzg2MTklMkYxMDEwOTM1JTIyJTIwdGFyZ2V0JTNEJTIyX2JsYW5rJTIyJTNFUGxlYXNlJTIwZmlsbCUyMG91dCUyMHRoZSUyMGZvcm0lM0MlMkZhJTNFJTBBJTNDJTJGbm9zY3JpcHQlM0U=[\/vc_raw_html][\/vc_column][\/vc_row][vc_row full_width=&#8221;stretch_row_content_no_spaces&#8221; rt_presets=&#8221;none&#8221; rst_color=&#8221;#878787&#8243; lb_bg=&#8221;#ca8162&#8243; lb_color=&#8221;#ffffff&#8221; lb_shape=&#8221;square&#8221; css=&#8221;.vc_custom_1431673193988{margin-bottom: 0px !important;}&#8221;][vc_column][thememove_footer][\/vc_column][\/vc_row]<\/p>\n<\/div>","protected":false},"excerpt":{"rendered":"<p>[vc_row full_width=&#8221;stretch_row_content_no_spaces&#8221; has_main_navbar=&#8221;true&#8221; rt_presets=&#8221;none&#8221; rst_color=&#8221;#878787&#8243; lb_bg=&#8221;#ca8162&#8243; lb_color=&#8221;#ffffff&#8221; css=&#8221;.vc_custom_1427880703423{margin-bottom: 0px !important;}&#8221;][vc_column][thememove_main_nav sticky_type=&#8221;is-headroom&#8221; text_color_scheme=&#8221;dark&#8221; bg=&#8221;#ffffff&#8221; sticky=&#8221;true&#8221; logo=&#8221;1063&#8243;][\/vc_column][\/vc_row][vc_row full_width=&#8221;stretch_row_content_no_spaces&#8221;][vc_column][rev_slider_vc alias=&#8221;home&#8221;][thememove_page_header align=&#8221;center&#8221; show_motif=&#8221;true&#8221; title=&#8221;Trabalhe Conosco&#8221;][\/vc_column][\/vc_row][vc_row][vc_column width=&#8221;1\/4&#8243;][vc_single_image image=&#8221;2844&#8243; img_size=&#8221;full&#8221;][vc_column_text css_animation=&#8221;left-to-right&#8221;] Preencha o formul\u00e1rio e envie para nossa equipe de RH, que entrar\u00e1 em contato assim que poss\u00edvel. Seus dados ser\u00e3o analisados de acordo com as vagas dispon\u00edveis do Grupo Fam\u00edlia [&hellip;]<\/p>\n","protected":false},"author":5,"featured_media":0,"parent":0,"menu_order":0,"comment_status":"closed","ping_status":"closed","template":"","meta":{"footnotes":""},"class_list":["post-2359","page","type-page","status-publish","hentry"],"yoast_head":"<!-- This site is optimized with the Yoast SEO plugin v27.2 - https:\/\/yoast.com\/product\/yoast-seo-wordpress\/ -->\n<title>Trabalhe Conosco - Cruzeiro&#039;s Bar | Bar e Restaurante na Barra Funda<\/title>\n<meta name=\"robots\" content=\"index, follow, max-snippet:-1, max-image-preview:large, max-video-preview:-1\" \/>\n<link rel=\"canonical\" href=\"https:\/\/cruzeirosbar.com.br\/barrafunda\/trabalhe-conosco\/\" \/>\n<meta property=\"og:locale\" content=\"pt_BR\" \/>\n<meta property=\"og:type\" content=\"article\" \/>\n<meta property=\"og:title\" content=\"Trabalhe Conosco - Cruzeiro&#039;s Bar | Bar e Restaurante na Barra Funda\" \/>\n<meta property=\"og:description\" content=\"[vc_row full_width=&#8221;stretch_row_content_no_spaces&#8221; has_main_navbar=&#8221;true&#8221; rt_presets=&#8221;none&#8221; rst_color=&#8221;#878787&#8243; lb_bg=&#8221;#ca8162&#8243; lb_color=&#8221;#ffffff&#8221; css=&#8221;.vc_custom_1427880703423{margin-bottom: 0px !important;}&#8221;][vc_column][thememove_main_nav sticky_type=&#8221;is-headroom&#8221; text_color_scheme=&#8221;dark&#8221; bg=&#8221;#ffffff&#8221; sticky=&#8221;true&#8221; logo=&#8221;1063&#8243;][\/vc_column][\/vc_row][vc_row full_width=&#8221;stretch_row_content_no_spaces&#8221;][vc_column][rev_slider_vc alias=&#8221;home&#8221;][thememove_page_header align=&#8221;center&#8221; show_motif=&#8221;true&#8221; title=&#8221;Trabalhe Conosco&#8221;][\/vc_column][\/vc_row][vc_row][vc_column width=&#8221;1\/4&#8243;][vc_single_image image=&#8221;2844&#8243; img_size=&#8221;full&#8221;][vc_column_text css_animation=&#8221;left-to-right&#8221;] Preencha o formul\u00e1rio e envie para nossa equipe de RH, que entrar\u00e1 em contato assim que poss\u00edvel. Seus dados ser\u00e3o analisados de acordo com as vagas dispon\u00edveis do Grupo Fam\u00edlia [&hellip;]\" \/>\n<meta property=\"og:url\" content=\"https:\/\/cruzeirosbar.com.br\/barrafunda\/trabalhe-conosco\/\" \/>\n<meta property=\"og:site_name\" content=\"Cruzeiro&#039;s Bar | Bar e Restaurante na Barra Funda\" \/>\n<meta property=\"article:publisher\" content=\"https:\/\/www.facebook.com\/cruzeirosbar\" \/>\n<meta property=\"article:modified_time\" content=\"2016-12-06T17:21:57+00:00\" \/>\n<meta property=\"og:image\" content=\"https:\/\/cruzeirosbar.com.br\/barrafunda\/wp-content\/uploads\/2015\/12\/IMG_4641.jpg\" \/>\n\t<meta property=\"og:image:width\" content=\"1024\" \/>\n\t<meta property=\"og:image:height\" content=\"683\" \/>\n\t<meta property=\"og:image:type\" content=\"image\/jpeg\" \/>\n<meta name=\"twitter:card\" content=\"summary_large_image\" \/>\n<meta name=\"twitter:label1\" content=\"Est. tempo de leitura\" \/>\n\t<meta name=\"twitter:data1\" content=\"1 minuto\" \/>\n<script type=\"application\/ld+json\" class=\"yoast-schema-graph\">{\"@context\":\"https:\/\/schema.org\",\"@graph\":[{\"@type\":\"WebPage\",\"@id\":\"https:\/\/cruzeirosbar.com.br\/barrafunda\/trabalhe-conosco\/\",\"url\":\"https:\/\/cruzeirosbar.com.br\/barrafunda\/trabalhe-conosco\/\",\"name\":\"Trabalhe Conosco - Cruzeiro&#039;s Bar | Bar e Restaurante na Barra Funda\",\"isPartOf\":{\"@id\":\"https:\/\/cruzeirosbar.com.br\/barrafunda\/#website\"},\"datePublished\":\"2016-01-11T21:46:15+00:00\",\"dateModified\":\"2016-12-06T17:21:57+00:00\",\"breadcrumb\":{\"@id\":\"https:\/\/cruzeirosbar.com.br\/barrafunda\/trabalhe-conosco\/#breadcrumb\"},\"inLanguage\":\"pt-BR\",\"potentialAction\":[{\"@type\":\"ReadAction\",\"target\":[\"https:\/\/cruzeirosbar.com.br\/barrafunda\/trabalhe-conosco\/\"]}]},{\"@type\":\"BreadcrumbList\",\"@id\":\"https:\/\/cruzeirosbar.com.br\/barrafunda\/trabalhe-conosco\/#breadcrumb\",\"itemListElement\":[{\"@type\":\"ListItem\",\"position\":1,\"name\":\"In\u00edcio\",\"item\":\"https:\/\/cruzeirosbar.com.br\/barrafunda\/\"},{\"@type\":\"ListItem\",\"position\":2,\"name\":\"Trabalhe Conosco\"}]},{\"@type\":\"WebSite\",\"@id\":\"https:\/\/cruzeirosbar.com.br\/barrafunda\/#website\",\"url\":\"https:\/\/cruzeirosbar.com.br\/barrafunda\/\",\"name\":\"Cruzeiro&#039;s Bar | Bar e Restaurante na Barra Funda\",\"description\":\"A primeira unidade do Cruzeiro&#039;s Bar \u00e9 refer\u00eancia na Barra Funda. Local ideal para almo\u00e7ar, jantar e curtir um happy hour.\",\"publisher\":{\"@id\":\"https:\/\/cruzeirosbar.com.br\/barrafunda\/#organization\"},\"potentialAction\":[{\"@type\":\"SearchAction\",\"target\":{\"@type\":\"EntryPoint\",\"urlTemplate\":\"https:\/\/cruzeirosbar.com.br\/barrafunda\/?s={search_term_string}\"},\"query-input\":{\"@type\":\"PropertyValueSpecification\",\"valueRequired\":true,\"valueName\":\"search_term_string\"}}],\"inLanguage\":\"pt-BR\"},{\"@type\":\"Organization\",\"@id\":\"https:\/\/cruzeirosbar.com.br\/barrafunda\/#organization\",\"name\":\"Cruzeiro's Bar\",\"url\":\"https:\/\/cruzeirosbar.com.br\/barrafunda\/\",\"logo\":{\"@type\":\"ImageObject\",\"inLanguage\":\"pt-BR\",\"@id\":\"https:\/\/cruzeirosbar.com.br\/barrafunda\/#\/schema\/logo\/image\/\",\"url\":\"http:\/\/cruzeirosbar.com.br\/barrafunda\/wp-content\/uploads\/2015\/03\/logo-2.png\",\"contentUrl\":\"http:\/\/cruzeirosbar.com.br\/barrafunda\/wp-content\/uploads\/2015\/03\/logo-2.png\",\"width\":300,\"height\":163,\"caption\":\"Cruzeiro's Bar\"},\"image\":{\"@id\":\"https:\/\/cruzeirosbar.com.br\/barrafunda\/#\/schema\/logo\/image\/\"},\"sameAs\":[\"https:\/\/www.facebook.com\/cruzeirosbar\"]}]}<\/script>\n<!-- \/ Yoast SEO plugin. -->","yoast_head_json":{"title":"Trabalhe Conosco - Cruzeiro&#039;s Bar | Bar e Restaurante na Barra Funda","robots":{"index":"index","follow":"follow","max-snippet":"max-snippet:-1","max-image-preview":"max-image-preview:large","max-video-preview":"max-video-preview:-1"},"canonical":"https:\/\/cruzeirosbar.com.br\/barrafunda\/trabalhe-conosco\/","og_locale":"pt_BR","og_type":"article","og_title":"Trabalhe Conosco - Cruzeiro&#039;s Bar | Bar e Restaurante na Barra Funda","og_description":"[vc_row full_width=&#8221;stretch_row_content_no_spaces&#8221; has_main_navbar=&#8221;true&#8221; rt_presets=&#8221;none&#8221; rst_color=&#8221;#878787&#8243; lb_bg=&#8221;#ca8162&#8243; lb_color=&#8221;#ffffff&#8221; css=&#8221;.vc_custom_1427880703423{margin-bottom: 0px !important;}&#8221;][vc_column][thememove_main_nav sticky_type=&#8221;is-headroom&#8221; text_color_scheme=&#8221;dark&#8221; bg=&#8221;#ffffff&#8221; sticky=&#8221;true&#8221; logo=&#8221;1063&#8243;][\/vc_column][\/vc_row][vc_row full_width=&#8221;stretch_row_content_no_spaces&#8221;][vc_column][rev_slider_vc alias=&#8221;home&#8221;][thememove_page_header align=&#8221;center&#8221; show_motif=&#8221;true&#8221; title=&#8221;Trabalhe Conosco&#8221;][\/vc_column][\/vc_row][vc_row][vc_column width=&#8221;1\/4&#8243;][vc_single_image image=&#8221;2844&#8243; img_size=&#8221;full&#8221;][vc_column_text css_animation=&#8221;left-to-right&#8221;] Preencha o formul\u00e1rio e envie para nossa equipe de RH, que entrar\u00e1 em contato assim que poss\u00edvel. Seus dados ser\u00e3o analisados de acordo com as vagas dispon\u00edveis do Grupo Fam\u00edlia [&hellip;]","og_url":"https:\/\/cruzeirosbar.com.br\/barrafunda\/trabalhe-conosco\/","og_site_name":"Cruzeiro&#039;s Bar | Bar e Restaurante na Barra Funda","article_publisher":"https:\/\/www.facebook.com\/cruzeirosbar","article_modified_time":"2016-12-06T17:21:57+00:00","og_image":[{"width":1024,"height":683,"url":"https:\/\/cruzeirosbar.com.br\/barrafunda\/wp-content\/uploads\/2015\/12\/IMG_4641.jpg","type":"image\/jpeg"}],"twitter_card":"summary_large_image","twitter_misc":{"Est. tempo de leitura":"1 minuto"},"schema":{"@context":"https:\/\/schema.org","@graph":[{"@type":"WebPage","@id":"https:\/\/cruzeirosbar.com.br\/barrafunda\/trabalhe-conosco\/","url":"https:\/\/cruzeirosbar.com.br\/barrafunda\/trabalhe-conosco\/","name":"Trabalhe Conosco - Cruzeiro&#039;s Bar | Bar e Restaurante na Barra Funda","isPartOf":{"@id":"https:\/\/cruzeirosbar.com.br\/barrafunda\/#website"},"datePublished":"2016-01-11T21:46:15+00:00","dateModified":"2016-12-06T17:21:57+00:00","breadcrumb":{"@id":"https:\/\/cruzeirosbar.com.br\/barrafunda\/trabalhe-conosco\/#breadcrumb"},"inLanguage":"pt-BR","potentialAction":[{"@type":"ReadAction","target":["https:\/\/cruzeirosbar.com.br\/barrafunda\/trabalhe-conosco\/"]}]},{"@type":"BreadcrumbList","@id":"https:\/\/cruzeirosbar.com.br\/barrafunda\/trabalhe-conosco\/#breadcrumb","itemListElement":[{"@type":"ListItem","position":1,"name":"In\u00edcio","item":"https:\/\/cruzeirosbar.com.br\/barrafunda\/"},{"@type":"ListItem","position":2,"name":"Trabalhe Conosco"}]},{"@type":"WebSite","@id":"https:\/\/cruzeirosbar.com.br\/barrafunda\/#website","url":"https:\/\/cruzeirosbar.com.br\/barrafunda\/","name":"Cruzeiro&#039;s Bar | Bar e Restaurante na Barra Funda","description":"A primeira unidade do Cruzeiro&#039;s Bar \u00e9 refer\u00eancia na Barra Funda. Local ideal para almo\u00e7ar, jantar e curtir um happy hour.","publisher":{"@id":"https:\/\/cruzeirosbar.com.br\/barrafunda\/#organization"},"potentialAction":[{"@type":"SearchAction","target":{"@type":"EntryPoint","urlTemplate":"https:\/\/cruzeirosbar.com.br\/barrafunda\/?s={search_term_string}"},"query-input":{"@type":"PropertyValueSpecification","valueRequired":true,"valueName":"search_term_string"}}],"inLanguage":"pt-BR"},{"@type":"Organization","@id":"https:\/\/cruzeirosbar.com.br\/barrafunda\/#organization","name":"Cruzeiro's Bar","url":"https:\/\/cruzeirosbar.com.br\/barrafunda\/","logo":{"@type":"ImageObject","inLanguage":"pt-BR","@id":"https:\/\/cruzeirosbar.com.br\/barrafunda\/#\/schema\/logo\/image\/","url":"http:\/\/cruzeirosbar.com.br\/barrafunda\/wp-content\/uploads\/2015\/03\/logo-2.png","contentUrl":"http:\/\/cruzeirosbar.com.br\/barrafunda\/wp-content\/uploads\/2015\/03\/logo-2.png","width":300,"height":163,"caption":"Cruzeiro's Bar"},"image":{"@id":"https:\/\/cruzeirosbar.com.br\/barrafunda\/#\/schema\/logo\/image\/"},"sameAs":["https:\/\/www.facebook.com\/cruzeirosbar"]}]}},"_links":{"self":[{"href":"https:\/\/cruzeirosbar.com.br\/barrafunda\/wp-json\/wp\/v2\/pages\/2359","targetHints":{"allow":["GET"]}}],"collection":[{"href":"https:\/\/cruzeirosbar.com.br\/barrafunda\/wp-json\/wp\/v2\/pages"}],"about":[{"href":"https:\/\/cruzeirosbar.com.br\/barrafunda\/wp-json\/wp\/v2\/types\/page"}],"author":[{"embeddable":true,"href":"https:\/\/cruzeirosbar.com.br\/barrafunda\/wp-json\/wp\/v2\/users\/5"}],"replies":[{"embeddable":true,"href":"https:\/\/cruzeirosbar.com.br\/barrafunda\/wp-json\/wp\/v2\/comments?post=2359"}],"version-history":[{"count":6,"href":"https:\/\/cruzeirosbar.com.br\/barrafunda\/wp-json\/wp\/v2\/pages\/2359\/revisions"}],"predecessor-version":[{"id":2845,"href":"https:\/\/cruzeirosbar.com.br\/barrafunda\/wp-json\/wp\/v2\/pages\/2359\/revisions\/2845"}],"wp:attachment":[{"href":"https:\/\/cruzeirosbar.com.br\/barrafunda\/wp-json\/wp\/v2\/media?parent=2359"}],"curies":[{"name":"wp","href":"https:\/\/api.w.org\/{rel}","templated":true}]}}