{"id":2540,"date":"2016-04-18T14:06:26","date_gmt":"2016-04-18T14:06:26","guid":{"rendered":"http:\/\/cruzeirosbar.com.br\/barrafunda\/?page_id=2540"},"modified":"2023-02-13T19:39:40","modified_gmt":"2023-02-13T19:39:40","slug":"nova-home","status":"publish","type":"page","link":"https:\/\/cruzeirosbar.com.br\/barrafunda\/","title":{"rendered":"Home"},"content":{"rendered":"<div class=\"wpb-content-wrapper\"><div id=\"pl-2540\" class=\"panel-layout\">\n<div id=\"pg-2540-0\" class=\"panel-grid panel-no-style\">\n<div id=\"pgc-2540-0-0\" class=\"panel-grid-cell\" data-weight=\"1\">\n<div id=\"panel-2540-0-0-0\" class=\"so-panel widget widget_sow-editor panel-first-child panel-last-child\" data-index=\"0\">\n<div class=\"so-widget-sow-editor so-widget-sow-editor-base\">\n<div class=\"siteorigin-widget-tinymce textwidget\">[vc_row full_width=&#8221;stretch_row_content_no_spaces&#8221; has_main_navbar=&#8221;true&#8221; rt_presets=&#8221;none&#8221; rst_color=&#8221;#878787&#8243; lb_bg=&#8221;#ca8162&#8243; lb_color=&#8221;#ffffff&#8221; css=&#8221;.vc_custom_1435981212837{margin-bottom: 0px !important;}&#8221;][vc_column][thememove_main_nav sticky_type=&#8221;is-headroom&#8221; init_transparent=&#8221;true&#8221; preset=&#8221;preset-02&#8243; bg=&#8221;rgba(0,0,0,0.45)&#8221; sticky=&#8221;true&#8221;][\/vc_column][\/vc_row][vc_row full_width=&#8221;stretch_row_content_no_spaces&#8221; rt_presets=&#8221;none&#8221; rst_color=&#8221;#878787&#8243; lb_bg=&#8221;#ca8162&#8243; lb_color=&#8221;#ffffff&#8221; lb_shape=&#8221;square&#8221; css=&#8221;.vc_custom_1436810305981{margin-top: -1px !important;margin-bottom: 0px !important;}&#8221;][vc_column][rev_slider_vc alias=&#8221;home&#8221;][\/vc_column][\/vc_row] <\/p>\n<style>\n\t@media (max-width: 800px) {<br \/>\t\t.desktop{<br \/>\t\t\tdisplay: none !important;<br \/>\t\t}<br \/>\t}<br \/>\t@media (min-width: 800px) {<br \/>\t\t.mobile{<br \/>\t\t\tdisplay: none !important;<br \/>\t\t}<br \/>\t}<br \/><\/style>\n<div class=\"desktop\">\n<p>[vc_row full_width=&#8221;stretch_row_content_no_spaces&#8221; rt_presets=&#8221;none&#8221; rst_color=&#8221;#878787&#8243; lb_bg=&#8221;#ca8162&#8243; lb_color=&#8221;#ffffff&#8221; lb_shape=&#8221;square&#8221; css=&#8221;.vc_custom_1434860430294{margin-bottom: 0px !important;}&#8221;][vc_column css=&#8221;.vc_custom_1436926244967{padding-right: 0px !important;padding-left: 0px !important;}&#8221; offset=&#8221;vc_col-lg-6 vc_col-md-6&#8243;][thememove_logo_holder image_size=&#8221;full&#8221; image=&#8221;3245&#8243;][\/vc_column][vc_column css=&#8221;.vc_custom_1436926283518{padding-right: 30px !important;padding-left: 30px !important;}&#8221; offset=&#8221;vc_col-lg-6 vc_col-md-6&#8243;][vc_empty_space height=&#8221;10px&#8221; el_class=&#8221;my-empty-space-1&#8243;][thememove_page_header align=&#8221;center&#8221; show_motif=&#8221;true&#8221; title=&#8221;Cortes de Carnes Grelhadas&#8221; subtitle_color=&#8221;#595959&#8243; motif_color=&#8221;#afafaf&#8221;][vc_empty_space height=&#8221;20px&#8221;][vc_row_inner rt_presets=&#8221;none&#8221; rst_color=&#8221;#878787&#8243; lb_bg=&#8221;#ca8162&#8243; lb_color=&#8221;#ffffff&#8221; lb_shape=&#8221;square&#8221; css=&#8221;.vc_custom_1450184203083{padding-right: 20px !important;padding-left: 20px !important;}&#8221;][vc_column_inner][vc_column_text]<\/p>\n<p style=\"text-align: center;\"><span style=\"font-weight: 400;\">Al\u00e9m do clima e da culin\u00e1ria de boteco, o Cruzeiro&#8217;s Bar Barra Funda \u00e9 conhecido pelos seus tradicionais cortes de carne.<\/span><\/p>\n<p style=\"text-align: center;\"><span style=\"font-weight: 400;\">No card\u00e1pio da casa, destaque para a Picanha tipo Baby Beef, o Bife Ancho, a Fraldinha e o Tibone. <\/span><\/p>\n<p style=\"text-align: center;\"><span style=\"font-weight: 400;\">Confira todas op\u00e7\u00f5es do card\u00e1pio.<\/span><\/p>\n<p>[\/vc_column_text][\/vc_column_inner][\/vc_row_inner][vc_empty_space height=&#8221;40px&#8221;][thememove_button button_color=&#8221;#ffd42e&#8221; align=&#8221;text-center&#8221; link=&#8221;url:http%3A%2F%2Fcruzeirosbar.com.br%2Fbarrafunda%2Fcomida-de-boteco%2F|title:CONHE%C3%87A%20MAIS|&#8221;][vc_column_text][\/vc_column_text][vc_empty_space height=&#8221;30px&#8221;][\/vc_column][\/vc_row][vc_row full_width=&#8221;stretch_row_content_no_spaces&#8221; rt_presets=&#8221;none&#8221; rt_color=&#8221;&#8221; rtst_color=&#8221;&#8221; rst_color=&#8221;#878787&#8243; lb_bg=&#8221;#ca8162&#8243; lb_color=&#8221;#ffffff&#8221; lb_shape=&#8221;square&#8221; css=&#8221;.vc_custom_1437022947887{margin-bottom: 0px !important;}&#8221;][vc_column text_align=&#8221;text-center&#8221; css=&#8221;.vc_custom_1436926300637{padding-right: 30px !important;padding-left: 30px !important;}&#8221; offset=&#8221;vc_col-lg-6 vc_col-md-6&#8243;][vc_empty_space height=&#8221;30px&#8221; el_class=&#8221;my-empty-space-2&#8243;][thememove_page_header align=&#8221;center&#8221; show_motif=&#8221;true&#8221; title=&#8221;Nossa Casa&#8221; subtitle_color=&#8221;#595959&#8243; motif_color=&#8221;#afafaf&#8221;][vc_empty_space height=&#8221;20px&#8221;][vc_row_inner rt_presets=&#8221;none&#8221; rst_color=&#8221;#878787&#8243; lb_bg=&#8221;#ca8162&#8243; lb_color=&#8221;#ffffff&#8221; lb_shape=&#8221;square&#8221; css=&#8221;.vc_custom_1450184241627{padding-right: 20px !important;padding-left: 20px !important;}&#8221;][vc_column_inner][vc_column_text]<\/p>\n<p style=\"text-align: center;\">Em homenagem \u00e0 rua em que est\u00e1 localizada a primeira unidade do Cruzeiro\u2019s Bar, a Rua Cruzeiro, o Bar \u00e9 refer\u00eancia na regi\u00e3o da Barra Funda. Em seu card\u00e1pio, destaque para a mistura, no ponto certo, das novidades e da tradi\u00e7\u00e3o na culin\u00e1ria. \u00c9 poss\u00edvel apreciar saborosas receitas do almo\u00e7o ao jantar passando pelo happy hour, onde grupos de amigos de diversas idades se encontram para conversar, curtir um ambiente agrad\u00e1vel e saborear uma culin\u00e1ria de bom gosto.<\/p>\n<p style=\"text-align: center;\">Venha conferir, em uma \u00e1rea de f\u00e1cil acesso, rodeado pela Marginal Tiet\u00ea, Marqu\u00eas de S\u00e3o Vicente e Avenida Pacaembu.<\/p>\n<p>[\/vc_column_text][\/vc_column_inner][\/vc_row_inner][vc_empty_space height=&#8221;50px&#8221;][thememove_button button_color=&#8221;#ffd42e&#8221; align=&#8221;text-center&#8221; link=&#8221;url:http%3A%2F%2Fcruzeirosbar.com.br%2Fbarrafunda%2Fa-casa%2F|title:SAIBA%20MAIS%20E%20VEJA%20FOTOS|&#8221;][vc_empty_space height=&#8221;40px&#8221;][\/vc_column][vc_column css=&#8221;.vc_custom_1436926318284{padding-right: 0px !important;padding-left: 0px !important;}&#8221; offset=&#8221;vc_col-lg-6 vc_col-md-6&#8243;][thememove_logo_holder image_size=&#8221;full&#8221; image=&#8221;3195&#8243;][\/vc_column][\/vc_row][vc_row full_width=&#8221;stretch_row_content_no_spaces&#8221; rt_presets=&#8221;none&#8221; rt_color=&#8221;&#8221; rtst_color=&#8221;&#8221; rst_color=&#8221;#878787&#8243; lb_bg=&#8221;#ca8162&#8243; lb_color=&#8221;#ffffff&#8221; lb_shape=&#8221;square&#8221; css=&#8221;.vc_custom_1437022947887{margin-bottom: 0px !important;}&#8221;][vc_column css=&#8221;.vc_custom_1436926318284{padding-right: 0px !important;padding-left: 0px !important;}&#8221; offset=&#8221;vc_col-lg-6 vc_col-md-6&#8243;][thememove_logo_holder image_size=&#8221;full&#8221; image=&#8221;3199&#8243;][\/vc_column][vc_column text_align=&#8221;text-center&#8221; css=&#8221;.vc_custom_1450194306715{padding-right: 30px !important;padding-left: 30px !important;}&#8221; offset=&#8221;vc_col-lg-6 vc_col-md-6&#8243; el_class=&#8221;business-hours&#8221;][vc_empty_space height=&#8221;8px&#8221; el_class=&#8221;my-empty-space-2&#8243;][thememove_page_header align=&#8221;center&#8221; show_motif=&#8221;true&#8221; title=&#8221;Hor\u00e1rio de Funcionamento&#8221; subtitle_color=&#8221;#595959&#8243; motif_color=&#8221;#afafaf&#8221;][vc_row_inner rt_presets=&#8221;none&#8221; rst_color=&#8221;#878787&#8243; lb_bg=&#8221;#ca8162&#8243; lb_color=&#8221;#ffffff&#8221; lb_shape=&#8221;square&#8221; css=&#8221;.vc_custom_1460978284609{padding-top: 0px !important;padding-right: 80px !important;padding-bottom: 0px !important;padding-left: 80px !important;}&#8221;][vc_column_inner css=&#8221;.vc_custom_1460977584855{padding-bottom: 0px !important;}&#8221;][vc_column_text]<\/p>\n<p style=\"text-align: center;\"><strong>Hor\u00e1rio de Funcionamento:<\/strong><\/p>\n<p style=\"text-align: center;\"><strong>Todos os dias (inclusive feriados e v\u00e9speras)<\/strong><\/p>\n<p style=\"text-align: center;\"><strong>Das 11h30 \u00e0 00h<\/strong><\/p>\n<p><strong><br \/>\nTelefones para Contato<\/strong><br \/>\n11 3392-6181<\/p>\n<p style=\"text-align: center;\"><strong><br \/>\nEndere\u00e7o<br \/>\n<\/strong>Rua Cruzeiro, 952<br \/>\nBarra Funda \/ Bom Retiro &#8211; S\u00e3o Paulo &#8211; SP<\/p>\n<p>[\/vc_column_text][\/vc_column_inner][\/vc_row_inner][vc_empty_space height=&#8221;50px&#8221;][thememove_button button_color=&#8221;#ffd42e&#8221; align=&#8221;text-center&#8221; link=&#8221;url:http%3A%2F%2Fcruzeirosbar.com.br%2Fbarrafunda%2Freservas%2F|title:RESERVAS|target:blank&#8221;][vc_empty_space height=&#8221;50px&#8221;][\/vc_column][\/vc_row]<\/p>\n<\/div>\n<div class=\"mobile\"><\/div>\n<p>[vc_row full_width=&#8221;stretch_row_content_no_spaces&#8221; rt_presets=&#8221;none&#8221; rst_color=&#8221;#878787&#8243; lb_bg=&#8221;#ca8162&#8243; lb_color=&#8221;#ffffff&#8221; lb_shape=&#8221;square&#8221; css=&#8221;.vc_custom_1461931858639{margin-bottom: 0px !important;}&#8221;][vc_column][vc_single_image image=&#8221;2563&#8243; img_size=&#8221;full&#8221; alignment=&#8221;center&#8221; style=&#8221;vc_box_rounded&#8221; onclick=&#8221;custom_link&#8221; img_link_target=&#8221;_blank&#8221; css_animation=&#8221;left-to-right&#8221; link=&#8221;http:\/\/cruzeirosbar.com.br\/barrafunda\/cardapio-online-cruzeiros-bar-barra-funda\/&#8221;][thememove_button button_color=&#8221;#ffffff&#8221; align=&#8221;text-center&#8221; link=&#8221;url:%2Fbarrafunda%2Fcardapio-online-cruzeiros-bar-barra-funda|title:Clique%20para%20ver%20o%20Card%C3%A1pio|&#8221;][vc_empty_space][thememove_page_header align=&#8221;center&#8221; title_size=&#8221;20&#8243; subtitle_color=&#8221;#57192e&#8221; motif_color=&#8221;#d6d6d6&#8243; title_color=&#8221;#57192e&#8221; title=&#8221;Conhe\u00e7a as nossas outras casas:&#8221;][vc_column_text css_animation=&#8221;left-to-right&#8221; el_class=&#8221;center&#8221;]<\/p>\n<p><center><\/center>&nbsp;<\/p>\n<p><center><a href=\"http:\/\/caetanosbar.com.br\/\" target=\"_blank\" rel=\"noopener\"><img loading=\"lazy\" decoding=\"async\" class=\"wp-image-2332 size-full alignnone\" src=\"http:\/\/cruzeirosbar.com.br\/barrafunda\/wp-content\/uploads\/2015\/03\/logo_caetanos_i9_2015-1.jpg\" alt=\"\" width=\"140\" height=\"69\" \/><\/a> <a href=\"https:\/\/caianagastronomia.com.br\/\" target=\"_blank\" rel=\"noopener\"><img loading=\"lazy\" decoding=\"async\" class=\"wp-image-2332 size-full alignnone\" src=\"http:\/\/cruzeirosbar.com.br\/barrafunda\/wp-content\/uploads\/2015\/03\/LOGO-CAIANA-BUFFET-EXPRESS-OUT-2022-GRAY.png\" alt=\"\" width=\"140\" height=\"69\" \/><\/a> <a href=\"http:\/\/www.villacaetanos.com.br\/\" target=\"_blank\" rel=\"noopener\">\u00a0 <\/a><a href=\"http:\/\/www.villacaetanos.com.br\/\" target=\"_blank\" rel=\"noopener\">\u00a0 \u00a0<img loading=\"lazy\" decoding=\"async\" class=\"wp-image-2333 size-full alignnone\" src=\"http:\/\/cruzeirosbar.com.br\/barrafunda\/wp-content\/uploads\/2015\/03\/Vector-Smart-Object-1.jpg\" alt=\"\" width=\"140\" height=\"69\" \/>\u00a0 \u00a0\u00a0<\/a><a href=\"http:\/\/cruzeirosbar.com.br\/\" rel=\"attachment wp-att-2575\"><img loading=\"lazy\" decoding=\"async\" class=\"alignnone wp-image-2575\" src=\"http:\/\/cruzeirosbar.com.br\/cantareira\/wp-content\/uploads\/2015\/03\/cruzeiros-bar.jpg\" alt=\"cruzeiros logo gray 200px\" width=\"150\" height=\"83\" \/><\/a><a href=\"http:\/\/www.villacaetanos.com.br\/\" target=\"_blank\" rel=\"noopener\">\u00a0 \u00a0<\/a><a href=\"http:\/\/portofinocucinaitaliana.com.br\" target=\"_blank\" rel=\"noopener\"><img loading=\"lazy\" decoding=\"async\" class=\"wp-image-2335 alignnone\" src=\"http:\/\/cruzeirosbar.com.br\/barrafunda\/wp-content\/uploads\/2015\/03\/logo-porto-cinza.png\" alt=\"\" width=\"94\" height=\"79\" \/><\/a><\/center><center><\/center>[\/vc_column_text][thememove_footer][\/vc_column][\/vc_row]<\/p>\n<\/div>\n<\/div>\n<\/div>\n<\/div>\n<\/div>\n<\/div>\n<\/div>","protected":false},"excerpt":{"rendered":"<p>[vc_row full_width=&#8221;stretch_row_content_no_spaces&#8221; has_main_navbar=&#8221;true&#8221; rt_presets=&#8221;none&#8221; rst_color=&#8221;#878787&#8243; lb_bg=&#8221;#ca8162&#8243; lb_color=&#8221;#ffffff&#8221; css=&#8221;.vc_custom_1435981212837{margin-bottom: 0px !important;}&#8221;][vc_column][thememove_main_nav sticky_type=&#8221;is-headroom&#8221; init_transparent=&#8221;true&#8221; preset=&#8221;preset-02&#8243; bg=&#8221;rgba(0,0,0,0.45)&#8221; sticky=&#8221;true&#8221;][\/vc_column][\/vc_row][vc_row full_width=&#8221;stretch_row_content_no_spaces&#8221; rt_presets=&#8221;none&#8221; rst_color=&#8221;#878787&#8243; lb_bg=&#8221;#ca8162&#8243; lb_color=&#8221;#ffffff&#8221; lb_shape=&#8221;square&#8221; css=&#8221;.vc_custom_1436810305981{margin-top: -1px !important;margin-bottom: 0px !important;}&#8221;][vc_column][rev_slider_vc alias=&#8221;home&#8221;][\/vc_column][\/vc_row] [vc_row full_width=&#8221;stretch_row_content_no_spaces&#8221; rt_presets=&#8221;none&#8221; rst_color=&#8221;#878787&#8243; lb_bg=&#8221;#ca8162&#8243; lb_color=&#8221;#ffffff&#8221; lb_shape=&#8221;square&#8221; css=&#8221;.vc_custom_1434860430294{margin-bottom: 0px !important;}&#8221;][vc_column css=&#8221;.vc_custom_1436926244967{padding-right: 0px !important;padding-left: 0px !important;}&#8221; offset=&#8221;vc_col-lg-6 vc_col-md-6&#8243;][thememove_logo_holder image_size=&#8221;full&#8221; image=&#8221;3245&#8243;][\/vc_column][vc_column css=&#8221;.vc_custom_1436926283518{padding-right: 30px !important;padding-left: 30px !important;}&#8221; offset=&#8221;vc_col-lg-6 vc_col-md-6&#8243;][vc_empty_space height=&#8221;10px&#8221; el_class=&#8221;my-empty-space-1&#8243;][thememove_page_header [&hellip;]<\/p>\n","protected":false},"author":4,"featured_media":0,"parent":0,"menu_order":0,"comment_status":"open","ping_status":"open","template":"","meta":{"footnotes":""},"class_list":["post-2540","page","type-page","status-publish","hentry"],"yoast_head":"<!-- This site is optimized with the Yoast SEO plugin v27.2 - https:\/\/yoast.com\/product\/yoast-seo-wordpress\/ -->\n<title>Home - Cruzeiro&#039;s Bar | Bar e Restaurante na Barra Funda<\/title>\n<meta name=\"robots\" content=\"index, follow, max-snippet:-1, max-image-preview:large, max-video-preview:-1\" \/>\n<link rel=\"canonical\" href=\"https:\/\/cruzeirosbar.com.br\/barrafunda\/\" \/>\n<meta property=\"og:locale\" content=\"pt_BR\" \/>\n<meta property=\"og:type\" content=\"article\" \/>\n<meta property=\"og:title\" content=\"Home - Cruzeiro&#039;s Bar | Bar e Restaurante na Barra Funda\" \/>\n<meta property=\"og:description\" content=\"[vc_row full_width=&#8221;stretch_row_content_no_spaces&#8221; has_main_navbar=&#8221;true&#8221; rt_presets=&#8221;none&#8221; rst_color=&#8221;#878787&#8243; lb_bg=&#8221;#ca8162&#8243; lb_color=&#8221;#ffffff&#8221; css=&#8221;.vc_custom_1435981212837{margin-bottom: 0px !important;}&#8221;][vc_column][thememove_main_nav sticky_type=&#8221;is-headroom&#8221; init_transparent=&#8221;true&#8221; preset=&#8221;preset-02&#8243; bg=&#8221;rgba(0,0,0,0.45)&#8221; sticky=&#8221;true&#8221;][\/vc_column][\/vc_row][vc_row full_width=&#8221;stretch_row_content_no_spaces&#8221; rt_presets=&#8221;none&#8221; rst_color=&#8221;#878787&#8243; lb_bg=&#8221;#ca8162&#8243; lb_color=&#8221;#ffffff&#8221; lb_shape=&#8221;square&#8221; css=&#8221;.vc_custom_1436810305981{margin-top: -1px !important;margin-bottom: 0px !important;}&#8221;][vc_column][rev_slider_vc alias=&#8221;home&#8221;][\/vc_column][\/vc_row] [vc_row full_width=&#8221;stretch_row_content_no_spaces&#8221; rt_presets=&#8221;none&#8221; rst_color=&#8221;#878787&#8243; lb_bg=&#8221;#ca8162&#8243; lb_color=&#8221;#ffffff&#8221; lb_shape=&#8221;square&#8221; css=&#8221;.vc_custom_1434860430294{margin-bottom: 0px !important;}&#8221;][vc_column css=&#8221;.vc_custom_1436926244967{padding-right: 0px !important;padding-left: 0px !important;}&#8221; offset=&#8221;vc_col-lg-6 vc_col-md-6&#8243;][thememove_logo_holder image_size=&#8221;full&#8221; image=&#8221;3245&#8243;][\/vc_column][vc_column css=&#8221;.vc_custom_1436926283518{padding-right: 30px !important;padding-left: 30px !important;}&#8221; offset=&#8221;vc_col-lg-6 vc_col-md-6&#8243;][vc_empty_space height=&#8221;10px&#8221; el_class=&#8221;my-empty-space-1&#8243;][thememove_page_header [&hellip;]\" \/>\n<meta property=\"og:url\" content=\"https:\/\/cruzeirosbar.com.br\/barrafunda\/\" \/>\n<meta property=\"og:site_name\" content=\"Cruzeiro&#039;s Bar | Bar e Restaurante na Barra Funda\" \/>\n<meta property=\"article:publisher\" content=\"https:\/\/www.facebook.com\/cruzeirosbar\" \/>\n<meta property=\"article:modified_time\" content=\"2023-02-13T19:39:40+00:00\" \/>\n<meta property=\"og:image\" content=\"http:\/\/cruzeirosbar.com.br\/barrafunda\/wp-content\/uploads\/2015\/03\/logo_caetanos_i9_2015-1.jpg\" \/>\n<meta name=\"twitter:card\" content=\"summary_large_image\" \/>\n<meta name=\"twitter:label1\" content=\"Est. tempo de leitura\" \/>\n\t<meta name=\"twitter:data1\" content=\"5 minutos\" \/>\n<script type=\"application\/ld+json\" class=\"yoast-schema-graph\">{\"@context\":\"https:\/\/schema.org\",\"@graph\":[{\"@type\":\"WebPage\",\"@id\":\"https:\/\/cruzeirosbar.com.br\/barrafunda\/\",\"url\":\"https:\/\/cruzeirosbar.com.br\/barrafunda\/\",\"name\":\"Home - Cruzeiro&#039;s Bar | Bar e Restaurante na Barra Funda\",\"isPartOf\":{\"@id\":\"https:\/\/cruzeirosbar.com.br\/barrafunda\/#website\"},\"primaryImageOfPage\":{\"@id\":\"https:\/\/cruzeirosbar.com.br\/barrafunda\/#primaryimage\"},\"image\":{\"@id\":\"https:\/\/cruzeirosbar.com.br\/barrafunda\/#primaryimage\"},\"thumbnailUrl\":\"http:\/\/cruzeirosbar.com.br\/barrafunda\/wp-content\/uploads\/2015\/03\/logo_caetanos_i9_2015-1.jpg\",\"datePublished\":\"2016-04-18T14:06:26+00:00\",\"dateModified\":\"2023-02-13T19:39:40+00:00\",\"breadcrumb\":{\"@id\":\"https:\/\/cruzeirosbar.com.br\/barrafunda\/#breadcrumb\"},\"inLanguage\":\"pt-BR\",\"potentialAction\":[{\"@type\":\"ReadAction\",\"target\":[\"https:\/\/cruzeirosbar.com.br\/barrafunda\/\"]}]},{\"@type\":\"ImageObject\",\"inLanguage\":\"pt-BR\",\"@id\":\"https:\/\/cruzeirosbar.com.br\/barrafunda\/#primaryimage\",\"url\":\"https:\/\/cruzeirosbar.com.br\/barrafunda\/wp-content\/uploads\/2015\/03\/logo_caetanos_i9_2015-1.jpg\",\"contentUrl\":\"https:\/\/cruzeirosbar.com.br\/barrafunda\/wp-content\/uploads\/2015\/03\/logo_caetanos_i9_2015-1.jpg\",\"width\":140,\"height\":69},{\"@type\":\"BreadcrumbList\",\"@id\":\"https:\/\/cruzeirosbar.com.br\/barrafunda\/#breadcrumb\",\"itemListElement\":[{\"@type\":\"ListItem\",\"position\":1,\"name\":\"In\u00edcio\",\"item\":\"https:\/\/cruzeirosbar.com.br\/barrafunda\/\"},{\"@type\":\"ListItem\",\"position\":2,\"name\":\"Home\"}]},{\"@type\":\"WebSite\",\"@id\":\"https:\/\/cruzeirosbar.com.br\/barrafunda\/#website\",\"url\":\"https:\/\/cruzeirosbar.com.br\/barrafunda\/\",\"name\":\"Cruzeiro&#039;s Bar | Bar e Restaurante na Barra Funda\",\"description\":\"A primeira unidade do Cruzeiro&#039;s Bar \u00e9 refer\u00eancia na Barra Funda. Local ideal para almo\u00e7ar, jantar e curtir um happy hour.\",\"publisher\":{\"@id\":\"https:\/\/cruzeirosbar.com.br\/barrafunda\/#organization\"},\"potentialAction\":[{\"@type\":\"SearchAction\",\"target\":{\"@type\":\"EntryPoint\",\"urlTemplate\":\"https:\/\/cruzeirosbar.com.br\/barrafunda\/?s={search_term_string}\"},\"query-input\":{\"@type\":\"PropertyValueSpecification\",\"valueRequired\":true,\"valueName\":\"search_term_string\"}}],\"inLanguage\":\"pt-BR\"},{\"@type\":\"Organization\",\"@id\":\"https:\/\/cruzeirosbar.com.br\/barrafunda\/#organization\",\"name\":\"Cruzeiro's Bar\",\"url\":\"https:\/\/cruzeirosbar.com.br\/barrafunda\/\",\"logo\":{\"@type\":\"ImageObject\",\"inLanguage\":\"pt-BR\",\"@id\":\"https:\/\/cruzeirosbar.com.br\/barrafunda\/#\/schema\/logo\/image\/\",\"url\":\"http:\/\/cruzeirosbar.com.br\/barrafunda\/wp-content\/uploads\/2015\/03\/logo-2.png\",\"contentUrl\":\"http:\/\/cruzeirosbar.com.br\/barrafunda\/wp-content\/uploads\/2015\/03\/logo-2.png\",\"width\":300,\"height\":163,\"caption\":\"Cruzeiro's Bar\"},\"image\":{\"@id\":\"https:\/\/cruzeirosbar.com.br\/barrafunda\/#\/schema\/logo\/image\/\"},\"sameAs\":[\"https:\/\/www.facebook.com\/cruzeirosbar\"]}]}<\/script>\n<!-- \/ Yoast SEO plugin. -->","yoast_head_json":{"title":"Home - Cruzeiro&#039;s Bar | Bar e Restaurante na Barra Funda","robots":{"index":"index","follow":"follow","max-snippet":"max-snippet:-1","max-image-preview":"max-image-preview:large","max-video-preview":"max-video-preview:-1"},"canonical":"https:\/\/cruzeirosbar.com.br\/barrafunda\/","og_locale":"pt_BR","og_type":"article","og_title":"Home - Cruzeiro&#039;s Bar | Bar e Restaurante na Barra Funda","og_description":"[vc_row full_width=&#8221;stretch_row_content_no_spaces&#8221; has_main_navbar=&#8221;true&#8221; rt_presets=&#8221;none&#8221; rst_color=&#8221;#878787&#8243; lb_bg=&#8221;#ca8162&#8243; lb_color=&#8221;#ffffff&#8221; css=&#8221;.vc_custom_1435981212837{margin-bottom: 0px !important;}&#8221;][vc_column][thememove_main_nav sticky_type=&#8221;is-headroom&#8221; init_transparent=&#8221;true&#8221; preset=&#8221;preset-02&#8243; bg=&#8221;rgba(0,0,0,0.45)&#8221; sticky=&#8221;true&#8221;][\/vc_column][\/vc_row][vc_row full_width=&#8221;stretch_row_content_no_spaces&#8221; rt_presets=&#8221;none&#8221; rst_color=&#8221;#878787&#8243; lb_bg=&#8221;#ca8162&#8243; lb_color=&#8221;#ffffff&#8221; lb_shape=&#8221;square&#8221; css=&#8221;.vc_custom_1436810305981{margin-top: -1px !important;margin-bottom: 0px !important;}&#8221;][vc_column][rev_slider_vc alias=&#8221;home&#8221;][\/vc_column][\/vc_row] [vc_row full_width=&#8221;stretch_row_content_no_spaces&#8221; rt_presets=&#8221;none&#8221; rst_color=&#8221;#878787&#8243; lb_bg=&#8221;#ca8162&#8243; lb_color=&#8221;#ffffff&#8221; lb_shape=&#8221;square&#8221; css=&#8221;.vc_custom_1434860430294{margin-bottom: 0px !important;}&#8221;][vc_column css=&#8221;.vc_custom_1436926244967{padding-right: 0px !important;padding-left: 0px !important;}&#8221; offset=&#8221;vc_col-lg-6 vc_col-md-6&#8243;][thememove_logo_holder image_size=&#8221;full&#8221; image=&#8221;3245&#8243;][\/vc_column][vc_column css=&#8221;.vc_custom_1436926283518{padding-right: 30px !important;padding-left: 30px !important;}&#8221; offset=&#8221;vc_col-lg-6 vc_col-md-6&#8243;][vc_empty_space height=&#8221;10px&#8221; el_class=&#8221;my-empty-space-1&#8243;][thememove_page_header [&hellip;]","og_url":"https:\/\/cruzeirosbar.com.br\/barrafunda\/","og_site_name":"Cruzeiro&#039;s Bar | Bar e Restaurante na Barra Funda","article_publisher":"https:\/\/www.facebook.com\/cruzeirosbar","article_modified_time":"2023-02-13T19:39:40+00:00","og_image":[{"url":"http:\/\/cruzeirosbar.com.br\/barrafunda\/wp-content\/uploads\/2015\/03\/logo_caetanos_i9_2015-1.jpg","type":"","width":"","height":""}],"twitter_card":"summary_large_image","twitter_misc":{"Est. tempo de leitura":"5 minutos"},"schema":{"@context":"https:\/\/schema.org","@graph":[{"@type":"WebPage","@id":"https:\/\/cruzeirosbar.com.br\/barrafunda\/","url":"https:\/\/cruzeirosbar.com.br\/barrafunda\/","name":"Home - Cruzeiro&#039;s Bar | Bar e Restaurante na Barra Funda","isPartOf":{"@id":"https:\/\/cruzeirosbar.com.br\/barrafunda\/#website"},"primaryImageOfPage":{"@id":"https:\/\/cruzeirosbar.com.br\/barrafunda\/#primaryimage"},"image":{"@id":"https:\/\/cruzeirosbar.com.br\/barrafunda\/#primaryimage"},"thumbnailUrl":"http:\/\/cruzeirosbar.com.br\/barrafunda\/wp-content\/uploads\/2015\/03\/logo_caetanos_i9_2015-1.jpg","datePublished":"2016-04-18T14:06:26+00:00","dateModified":"2023-02-13T19:39:40+00:00","breadcrumb":{"@id":"https:\/\/cruzeirosbar.com.br\/barrafunda\/#breadcrumb"},"inLanguage":"pt-BR","potentialAction":[{"@type":"ReadAction","target":["https:\/\/cruzeirosbar.com.br\/barrafunda\/"]}]},{"@type":"ImageObject","inLanguage":"pt-BR","@id":"https:\/\/cruzeirosbar.com.br\/barrafunda\/#primaryimage","url":"https:\/\/cruzeirosbar.com.br\/barrafunda\/wp-content\/uploads\/2015\/03\/logo_caetanos_i9_2015-1.jpg","contentUrl":"https:\/\/cruzeirosbar.com.br\/barrafunda\/wp-content\/uploads\/2015\/03\/logo_caetanos_i9_2015-1.jpg","width":140,"height":69},{"@type":"BreadcrumbList","@id":"https:\/\/cruzeirosbar.com.br\/barrafunda\/#breadcrumb","itemListElement":[{"@type":"ListItem","position":1,"name":"In\u00edcio","item":"https:\/\/cruzeirosbar.com.br\/barrafunda\/"},{"@type":"ListItem","position":2,"name":"Home"}]},{"@type":"WebSite","@id":"https:\/\/cruzeirosbar.com.br\/barrafunda\/#website","url":"https:\/\/cruzeirosbar.com.br\/barrafunda\/","name":"Cruzeiro&#039;s Bar | Bar e Restaurante na Barra Funda","description":"A primeira unidade do Cruzeiro&#039;s Bar \u00e9 refer\u00eancia na Barra Funda. Local ideal para almo\u00e7ar, jantar e curtir um happy hour.","publisher":{"@id":"https:\/\/cruzeirosbar.com.br\/barrafunda\/#organization"},"potentialAction":[{"@type":"SearchAction","target":{"@type":"EntryPoint","urlTemplate":"https:\/\/cruzeirosbar.com.br\/barrafunda\/?s={search_term_string}"},"query-input":{"@type":"PropertyValueSpecification","valueRequired":true,"valueName":"search_term_string"}}],"inLanguage":"pt-BR"},{"@type":"Organization","@id":"https:\/\/cruzeirosbar.com.br\/barrafunda\/#organization","name":"Cruzeiro's Bar","url":"https:\/\/cruzeirosbar.com.br\/barrafunda\/","logo":{"@type":"ImageObject","inLanguage":"pt-BR","@id":"https:\/\/cruzeirosbar.com.br\/barrafunda\/#\/schema\/logo\/image\/","url":"http:\/\/cruzeirosbar.com.br\/barrafunda\/wp-content\/uploads\/2015\/03\/logo-2.png","contentUrl":"http:\/\/cruzeirosbar.com.br\/barrafunda\/wp-content\/uploads\/2015\/03\/logo-2.png","width":300,"height":163,"caption":"Cruzeiro's Bar"},"image":{"@id":"https:\/\/cruzeirosbar.com.br\/barrafunda\/#\/schema\/logo\/image\/"},"sameAs":["https:\/\/www.facebook.com\/cruzeirosbar"]}]}},"_links":{"self":[{"href":"https:\/\/cruzeirosbar.com.br\/barrafunda\/wp-json\/wp\/v2\/pages\/2540","targetHints":{"allow":["GET"]}}],"collection":[{"href":"https:\/\/cruzeirosbar.com.br\/barrafunda\/wp-json\/wp\/v2\/pages"}],"about":[{"href":"https:\/\/cruzeirosbar.com.br\/barrafunda\/wp-json\/wp\/v2\/types\/page"}],"author":[{"embeddable":true,"href":"https:\/\/cruzeirosbar.com.br\/barrafunda\/wp-json\/wp\/v2\/users\/4"}],"replies":[{"embeddable":true,"href":"https:\/\/cruzeirosbar.com.br\/barrafunda\/wp-json\/wp\/v2\/comments?post=2540"}],"version-history":[{"count":77,"href":"https:\/\/cruzeirosbar.com.br\/barrafunda\/wp-json\/wp\/v2\/pages\/2540\/revisions"}],"predecessor-version":[{"id":3246,"href":"https:\/\/cruzeirosbar.com.br\/barrafunda\/wp-json\/wp\/v2\/pages\/2540\/revisions\/3246"}],"wp:attachment":[{"href":"https:\/\/cruzeirosbar.com.br\/barrafunda\/wp-json\/wp\/v2\/media?parent=2540"}],"curies":[{"name":"wp","href":"https:\/\/api.w.org\/{rel}","templated":true}]}}