{"id":294,"date":"2015-03-30T10:16:20","date_gmt":"2015-03-30T10:16:20","guid":{"rendered":"http:\/\/restaurant.thememove.com\/demo\/?page_id=294"},"modified":"2020-02-13T18:42:16","modified_gmt":"2020-02-13T18:42:16","slug":"contato","status":"publish","type":"page","link":"https:\/\/cruzeirosbar.com.br\/barrafunda\/contato\/","title":{"rendered":"Contato"},"content":{"rendered":"<div class=\"wpb-content-wrapper\"><p>[vc_row full_width=&#8221;stretch_row_content_no_spaces&#8221; has_main_navbar=&#8221;true&#8221; rt_presets=&#8221;none&#8221; rst_color=&#8221;#878787&#8243; lb_bg=&#8221;#ca8162&#8243; lb_color=&#8221;#ffffff&#8221; css=&#8221;.vc_custom_1427880703423{margin-bottom: 0px !important;}&#8221;][vc_column][thememove_main_nav sticky_type=&#8221;is-headroom&#8221; text_color_scheme=&#8221;dark&#8221; bg=&#8221;#ffffff&#8221; sticky=&#8221;true&#8221; logo=&#8221;1063&#8243;][\/vc_column][\/vc_row][vc_row full_width=&#8221;stretch_row_content_no_spaces&#8221;][vc_column][rev_slider_vc alias=&#8221;home&#8221;][\/vc_column][\/vc_row][vc_row css=&#8221;.vc_custom_1437105349106{margin-bottom: 0px !important;padding-top: 80px !important;padding-bottom: 100px !important;}&#8221; rt_presets=&#8221;none&#8221; rst_color=&#8221;#878787&#8243; lb_color=&#8221;#ca8162&#8243; lb_bg=&#8221;#ca8162&#8243;][vc_column width=&#8221;1\/2&#8243; css=&#8221;.vc_custom_1437105594629{padding-right: 50px !important;padding-left: 50px !important;}&#8221;][vc_column_text]<\/p>\n<h2 style=\"text-align: center;\"><strong>Fale conosco<\/strong><\/h2>\n<p>[\/vc_column_text][vc_empty_space height=&#8221;15px&#8221;][vc_column_text]<\/p>\n<p style=\"text-align: center;\">Para realizar uma reserva, acesse o submenu Reserva ou <a href=\"http:\/\/cruzeirosbar.com.br\/barrafunda\/reservas\/\">clique aqui<\/a>.<br \/>\nEntre em contato conosco atrav\u00e9s do telefone (11) 3392-6181 ou preencha formul\u00e1rio abaixo para que possamos entrar em contato.<\/p>\n<p>[\/vc_column_text][vc_empty_space height=&#8221;20px&#8221;][vc_empty_space height=&#8221;30px&#8221;][\/vc_column][vc_column width=&#8221;1\/2&#8243;][vc_empty_space height=&#8221;15px&#8221;][vc_raw_html]JTNDc2NyaXB0JTIwdHlwZSUzRCUyMnRleHQlMkZqYXZhc2NyaXB0JTIyJTNFJTBBJTJGJTJGJTNDJTIxJTVCQ0RBVEElNUIlMEElMEFmdW5jdGlvbiUyMHNlbmRfY3VzdG9tX25ld3MlMjAlMjglMjklMjAlN0IlMEElMDl2YXIlMjBlbWFpbCUyMCUzRCUyMGpRdWVyeSUyOCUyNy53cGNmNy1lbWFpbCUyNyUyOS52YWwlMjglMjklM0IlMEElMDlqUXVlcnklMjglMjcubmV3c2xldHRlci1lbWFpbCUyNyUyOS52YWwlMjhlbWFpbCUyOSUzQiUwQSUwOWpRdWVyeSUyOCUyNy5uZXdzbGV0dGVyLXN1YnNjcmlwdGlvbiUyMGZvcm0lMjclMjkuc3VibWl0JTI4JTI5JTNCJTBBJTdEJTBBJTBBaWYlMjAlMjh0eXBlb2YlMjBuZXdzbGV0dGVyX2NoZWNrJTIwJTIxJTNEJTNEJTIwJTIyZnVuY3Rpb24lMjIlMjklMjAlN0IlMEF3aW5kb3cubmV3c2xldHRlcl9jaGVjayUyMCUzRCUyMGZ1bmN0aW9uJTIwJTI4ZiUyOSUyMCU3QiUwQSUyMCUyMCUyMCUyMHZhciUyMHJlJTIwJTNEJTIwJTJGJTVFJTI4JTVCYS16QS1aMC05XyU1Qy4lNUMtJTVDJTJCJTVEJTI5JTJCJTVDJTQwJTI4JTI4JTVCYS16QS1aMC05JTVDLSU1RCU3QjElMkMlN0QlMjklMkIlNUMuJTI5JTJCJTI4JTVCYS16QS1aMC05JTVEJTdCMiUyQyU3RCUyOSUyQiUyNCUyRiUzQiUwQSUyMCUyMCUyMCUyMGlmJTIwJTI4JTIxcmUudGVzdCUyOGYuZWxlbWVudHMlNUIlMjJuZSUyMiU1RC52YWx1ZSUyOSUyOSUyMCU3QiUwQSUyMCUyMCUyMCUyMCUyMCUyMCUyMCUyMGFsZXJ0JTI4JTIyVGhlJTIwZW1haWwlMjBpcyUyMG5vdCUyMGNvcnJlY3QlMjIlMjklM0IlMEElMjAlMjAlMjAlMjAlMjAlMjAlMjAlMjByZXR1cm4lMjBmYWxzZSUzQiUwQSUyMCUyMCUyMCUyMCU3RCUwQSUyMCUyMCUyMCUyMGZvciUyMCUyOHZhciUyMGklM0QxJTNCJTIwaSUzQzIwJTNCJTIwaSUyQiUyQiUyOSUyMCU3QiUwQSUyMCUyMCUyMCUyMGlmJTIwJTI4Zi5lbGVtZW50cyU1QiUyMm5wJTIyJTIwJTJCJTIwaSU1RCUyMCUyNiUyNiUyMGYuZWxlbWVudHMlNUIlMjJucCUyMiUyMCUyQiUyMGklNUQucmVxdWlyZWQlMjAlMjYlMjYlMjBmLmVsZW1lbnRzJTVCJTIybnAlMjIlMjAlMkIlMjBpJTVELnZhbHVlJTIwJTNEJTNEJTIwJTIyJTIyJTI5JTIwJTdCJTBBJTIwJTIwJTIwJTIwJTIwJTIwJTIwJTIwYWxlcnQlMjglMjIlMjIlMjklM0IlMEElMjAlMjAlMjAlMjAlMjAlMjAlMjAlMjByZXR1cm4lMjBmYWxzZSUzQiUwQSUyMCUyMCUyMCUyMCU3RCUwQSUyMCUyMCUyMCUyMCU3RCUwQSUyMCUyMCUyMCUyMGlmJTIwJTI4Zi5lbGVtZW50cyU1QiUyMm55JTIyJTVEJTIwJTI2JTI2JTIwJTIxZi5lbGVtZW50cyU1QiUyMm55JTIyJTVELmNoZWNrZWQlMjklMjAlN0IlMEElMjAlMjAlMjAlMjAlMjAlMjAlMjAlMjBhbGVydCUyOCUyMllvdSUyMG11c3QlMjBhY2NlcHQlMjB0aGUlMjBwcml2YWN5JTIwc3RhdGVtZW50JTIyJTI5JTNCJTBBJTIwJTIwJTIwJTIwJTIwJTIwJTIwJTIwcmV0dXJuJTIwZmFsc2UlM0IlMEElMjAlMjAlMjAlMjAlN0QlMEElMjAlMjAlMjAlMjByZXR1cm4lMjB0cnVlJTNCJTBBJTdEJTBBJTdEJTBBJTJGJTJGJTVEJTVEJTNFJTBBJTNDJTJGc2NyaXB0JTNFJTBBJTBBJTNDZGl2JTIwY2xhc3MlM0QlMjJuZXdzbGV0dGVyJTIwbmV3c2xldHRlci1zdWJzY3JpcHRpb24lMjIlMjBzdHlsZSUzRCUyMmRpc3BsYXklM0ElMjBub25lJTIyJTNFJTBBJTNDZm9ybSUyMG1ldGhvZCUzRCUyMnBvc3QlMjIlMjBhY3Rpb24lM0QlMjJodHRwJTNBJTJGJTJGY3J1emVpcm9zYmFyLmNvbS5iciUyRmJhcnJhZnVuZGElMkYlM0ZuYSUzRHMlMjIlMjBvbnN1Ym1pdCUzRCUyMnJldHVybiUyMG5ld3NsZXR0ZXJfY2hlY2slMjh0aGlzJTI5JTIyJTNFJTBBJTBBJTNDdGFibGUlMjBjZWxsc3BhY2luZyUzRCUyMjAlMjIlMjBjZWxscGFkZGluZyUzRCUyMjMlMjIlMjBib3JkZXIlM0QlMjIwJTIyJTNFJTBBJTBBJTNDJTIxLS0lMjBlbWFpbCUyMC0tJTNFJTBBJTNDdHIlM0UlMEElMDklM0N0aCUzRUVtYWlsJTNDJTJGdGglM0UlMEElMDklM0N0ZCUyMGFsaWduJTNEJTIybGVmdCUyMiUzRSUzQ2lucHV0JTIwY2xhc3MlM0QlMjJuZXdzbGV0dGVyLWVtYWlsJTIyJTIwdHlwZSUzRCUyMmVtYWlsJTIyJTIwbmFtZSUzRCUyMm5lJTIyJTIwc2l6ZSUzRCUyMjMwJTIyJTIwcmVxdWlyZWQlM0UlM0MlMkZ0ZCUzRSUwQSUzQyUyRnRyJTNFJTBBJTBBJTNDdHIlM0UlMEElMDklM0N0ZCUyMGNvbHNwYW4lM0QlMjIyJTIyJTIwY2xhc3MlM0QlMjJuZXdzbGV0dGVyLXRkLXN1Ym1pdCUyMiUzRSUwQSUwOSUwOSUzQ2lucHV0JTIwY2xhc3MlM0QlMjJuZXdzbGV0dGVyLXN1Ym1pdCUyMiUyMHR5cGUlM0QlMjJzdWJtaXQlMjIlMjB2YWx1ZSUzRCUyMlN1YnNjcmliZSUyMiUyRiUzRSUwQSUwOSUzQyUyRnRkJTNFJTBBJTNDJTJGdHIlM0UlMEElMEElM0MlMkZ0YWJsZSUzRSUwQSUzQyUyRmZvcm0lM0UlMEElM0MlMkZkaXYlM0U=[\/vc_raw_html]<br \/>\n<script type=\"text\/javascript\" src=\"https:\/\/form.jotform.com\/jsform\/200426331004032\" scrolling=\"no\"><\/script><br \/>\n[\/vc_column][\/vc_row][vc_row][vc_column][\/vc_column][\/vc_row][vc_row full_width=&#8221;stretch_row_content_no_spaces&#8221; rt_presets=&#8221;none&#8221; rst_color=&#8221;#878787&#8243; lb_bg=&#8221;#ca8162&#8243; lb_color=&#8221;#ffffff&#8221; lb_shape=&#8221;square&#8221; css=&#8221;.vc_custom_1431673193988{margin-bottom: 0px !important;}&#8221;][vc_column][thememove_footer][\/vc_column][\/vc_row]<\/p>\n<\/div>","protected":false},"excerpt":{"rendered":"<p>[vc_row full_width=&#8221;stretch_row_content_no_spaces&#8221; has_main_navbar=&#8221;true&#8221; rt_presets=&#8221;none&#8221; rst_color=&#8221;#878787&#8243; lb_bg=&#8221;#ca8162&#8243; lb_color=&#8221;#ffffff&#8221; css=&#8221;.vc_custom_1427880703423{margin-bottom: 0px !important;}&#8221;][vc_column][thememove_main_nav sticky_type=&#8221;is-headroom&#8221; text_color_scheme=&#8221;dark&#8221; bg=&#8221;#ffffff&#8221; sticky=&#8221;true&#8221; logo=&#8221;1063&#8243;][\/vc_column][\/vc_row][vc_row full_width=&#8221;stretch_row_content_no_spaces&#8221;][vc_column][rev_slider_vc alias=&#8221;home&#8221;][\/vc_column][\/vc_row][vc_row css=&#8221;.vc_custom_1437105349106{margin-bottom: 0px !important;padding-top: 80px !important;padding-bottom: 100px !important;}&#8221; rt_presets=&#8221;none&#8221; rst_color=&#8221;#878787&#8243; lb_color=&#8221;#ca8162&#8243; lb_bg=&#8221;#ca8162&#8243;][vc_column width=&#8221;1\/2&#8243; css=&#8221;.vc_custom_1437105594629{padding-right: 50px !important;padding-left: 50px !important;}&#8221;][vc_column_text] Fale conosco [\/vc_column_text][vc_empty_space height=&#8221;15px&#8221;][vc_column_text] Para realizar uma reserva, acesse o submenu Reserva ou clique aqui. Entre em contato conosco atrav\u00e9s do [&hellip;]<\/p>\n","protected":false},"author":5,"featured_media":0,"parent":0,"menu_order":0,"comment_status":"open","ping_status":"open","template":"","meta":{"footnotes":""},"class_list":["post-294","page","type-page","status-publish","hentry"],"yoast_head":"<!-- This site is optimized with the Yoast SEO plugin v27.2 - https:\/\/yoast.com\/product\/yoast-seo-wordpress\/ -->\n<title>Contato - Cruzeiro&#039;s Bar | Bar e Restaurante na Barra Funda<\/title>\n<meta name=\"robots\" content=\"index, follow, max-snippet:-1, max-image-preview:large, max-video-preview:-1\" \/>\n<link rel=\"canonical\" href=\"https:\/\/cruzeirosbar.com.br\/barrafunda\/contato\/\" \/>\n<meta property=\"og:locale\" content=\"pt_BR\" \/>\n<meta property=\"og:type\" content=\"article\" \/>\n<meta property=\"og:title\" content=\"Contato - Cruzeiro&#039;s Bar | Bar e Restaurante na Barra Funda\" \/>\n<meta property=\"og:description\" content=\"[vc_row full_width=&#8221;stretch_row_content_no_spaces&#8221; has_main_navbar=&#8221;true&#8221; rt_presets=&#8221;none&#8221; rst_color=&#8221;#878787&#8243; lb_bg=&#8221;#ca8162&#8243; lb_color=&#8221;#ffffff&#8221; css=&#8221;.vc_custom_1427880703423{margin-bottom: 0px !important;}&#8221;][vc_column][thememove_main_nav sticky_type=&#8221;is-headroom&#8221; text_color_scheme=&#8221;dark&#8221; bg=&#8221;#ffffff&#8221; sticky=&#8221;true&#8221; logo=&#8221;1063&#8243;][\/vc_column][\/vc_row][vc_row full_width=&#8221;stretch_row_content_no_spaces&#8221;][vc_column][rev_slider_vc alias=&#8221;home&#8221;][\/vc_column][\/vc_row][vc_row css=&#8221;.vc_custom_1437105349106{margin-bottom: 0px !important;padding-top: 80px !important;padding-bottom: 100px !important;}&#8221; rt_presets=&#8221;none&#8221; rst_color=&#8221;#878787&#8243; lb_color=&#8221;#ca8162&#8243; lb_bg=&#8221;#ca8162&#8243;][vc_column width=&#8221;1\/2&#8243; css=&#8221;.vc_custom_1437105594629{padding-right: 50px !important;padding-left: 50px !important;}&#8221;][vc_column_text] Fale conosco [\/vc_column_text][vc_empty_space height=&#8221;15px&#8221;][vc_column_text] Para realizar uma reserva, acesse o submenu Reserva ou clique aqui. Entre em contato conosco atrav\u00e9s do [&hellip;]\" \/>\n<meta property=\"og:url\" content=\"https:\/\/cruzeirosbar.com.br\/barrafunda\/contato\/\" \/>\n<meta property=\"og:site_name\" content=\"Cruzeiro&#039;s Bar | Bar e Restaurante na Barra Funda\" \/>\n<meta property=\"article:publisher\" content=\"https:\/\/www.facebook.com\/cruzeirosbar\" \/>\n<meta property=\"article:modified_time\" content=\"2020-02-13T18:42:16+00:00\" \/>\n<meta property=\"og:image\" content=\"https:\/\/cruzeirosbar.com.br\/barrafunda\/wp-content\/uploads\/2015\/12\/IMG_4641.jpg\" \/>\n\t<meta property=\"og:image:width\" content=\"1024\" \/>\n\t<meta property=\"og:image:height\" content=\"683\" \/>\n\t<meta property=\"og:image:type\" content=\"image\/jpeg\" \/>\n<meta name=\"twitter:card\" content=\"summary_large_image\" \/>\n<meta name=\"twitter:label1\" content=\"Est. tempo de leitura\" \/>\n\t<meta name=\"twitter:data1\" content=\"2 minutos\" \/>\n<script type=\"application\/ld+json\" class=\"yoast-schema-graph\">{\"@context\":\"https:\/\/schema.org\",\"@graph\":[{\"@type\":\"WebPage\",\"@id\":\"https:\/\/cruzeirosbar.com.br\/barrafunda\/contato\/\",\"url\":\"https:\/\/cruzeirosbar.com.br\/barrafunda\/contato\/\",\"name\":\"Contato - Cruzeiro&#039;s Bar | Bar e Restaurante na Barra Funda\",\"isPartOf\":{\"@id\":\"https:\/\/cruzeirosbar.com.br\/barrafunda\/#website\"},\"datePublished\":\"2015-03-30T10:16:20+00:00\",\"dateModified\":\"2020-02-13T18:42:16+00:00\",\"breadcrumb\":{\"@id\":\"https:\/\/cruzeirosbar.com.br\/barrafunda\/contato\/#breadcrumb\"},\"inLanguage\":\"pt-BR\",\"potentialAction\":[{\"@type\":\"ReadAction\",\"target\":[\"https:\/\/cruzeirosbar.com.br\/barrafunda\/contato\/\"]}]},{\"@type\":\"BreadcrumbList\",\"@id\":\"https:\/\/cruzeirosbar.com.br\/barrafunda\/contato\/#breadcrumb\",\"itemListElement\":[{\"@type\":\"ListItem\",\"position\":1,\"name\":\"In\u00edcio\",\"item\":\"https:\/\/cruzeirosbar.com.br\/barrafunda\/\"},{\"@type\":\"ListItem\",\"position\":2,\"name\":\"Contato\"}]},{\"@type\":\"WebSite\",\"@id\":\"https:\/\/cruzeirosbar.com.br\/barrafunda\/#website\",\"url\":\"https:\/\/cruzeirosbar.com.br\/barrafunda\/\",\"name\":\"Cruzeiro&#039;s Bar | Bar e Restaurante na Barra Funda\",\"description\":\"A primeira unidade do Cruzeiro&#039;s Bar \u00e9 refer\u00eancia na Barra Funda. Local ideal para almo\u00e7ar, jantar e curtir um happy hour.\",\"publisher\":{\"@id\":\"https:\/\/cruzeirosbar.com.br\/barrafunda\/#organization\"},\"potentialAction\":[{\"@type\":\"SearchAction\",\"target\":{\"@type\":\"EntryPoint\",\"urlTemplate\":\"https:\/\/cruzeirosbar.com.br\/barrafunda\/?s={search_term_string}\"},\"query-input\":{\"@type\":\"PropertyValueSpecification\",\"valueRequired\":true,\"valueName\":\"search_term_string\"}}],\"inLanguage\":\"pt-BR\"},{\"@type\":\"Organization\",\"@id\":\"https:\/\/cruzeirosbar.com.br\/barrafunda\/#organization\",\"name\":\"Cruzeiro's Bar\",\"url\":\"https:\/\/cruzeirosbar.com.br\/barrafunda\/\",\"logo\":{\"@type\":\"ImageObject\",\"inLanguage\":\"pt-BR\",\"@id\":\"https:\/\/cruzeirosbar.com.br\/barrafunda\/#\/schema\/logo\/image\/\",\"url\":\"http:\/\/cruzeirosbar.com.br\/barrafunda\/wp-content\/uploads\/2015\/03\/logo-2.png\",\"contentUrl\":\"http:\/\/cruzeirosbar.com.br\/barrafunda\/wp-content\/uploads\/2015\/03\/logo-2.png\",\"width\":300,\"height\":163,\"caption\":\"Cruzeiro's Bar\"},\"image\":{\"@id\":\"https:\/\/cruzeirosbar.com.br\/barrafunda\/#\/schema\/logo\/image\/\"},\"sameAs\":[\"https:\/\/www.facebook.com\/cruzeirosbar\"]}]}<\/script>\n<!-- \/ Yoast SEO plugin. -->","yoast_head_json":{"title":"Contato - Cruzeiro&#039;s Bar | Bar e Restaurante na Barra Funda","robots":{"index":"index","follow":"follow","max-snippet":"max-snippet:-1","max-image-preview":"max-image-preview:large","max-video-preview":"max-video-preview:-1"},"canonical":"https:\/\/cruzeirosbar.com.br\/barrafunda\/contato\/","og_locale":"pt_BR","og_type":"article","og_title":"Contato - Cruzeiro&#039;s Bar | Bar e Restaurante na Barra Funda","og_description":"[vc_row full_width=&#8221;stretch_row_content_no_spaces&#8221; has_main_navbar=&#8221;true&#8221; rt_presets=&#8221;none&#8221; rst_color=&#8221;#878787&#8243; lb_bg=&#8221;#ca8162&#8243; lb_color=&#8221;#ffffff&#8221; css=&#8221;.vc_custom_1427880703423{margin-bottom: 0px !important;}&#8221;][vc_column][thememove_main_nav sticky_type=&#8221;is-headroom&#8221; text_color_scheme=&#8221;dark&#8221; bg=&#8221;#ffffff&#8221; sticky=&#8221;true&#8221; logo=&#8221;1063&#8243;][\/vc_column][\/vc_row][vc_row full_width=&#8221;stretch_row_content_no_spaces&#8221;][vc_column][rev_slider_vc alias=&#8221;home&#8221;][\/vc_column][\/vc_row][vc_row css=&#8221;.vc_custom_1437105349106{margin-bottom: 0px !important;padding-top: 80px !important;padding-bottom: 100px !important;}&#8221; rt_presets=&#8221;none&#8221; rst_color=&#8221;#878787&#8243; lb_color=&#8221;#ca8162&#8243; lb_bg=&#8221;#ca8162&#8243;][vc_column width=&#8221;1\/2&#8243; css=&#8221;.vc_custom_1437105594629{padding-right: 50px !important;padding-left: 50px !important;}&#8221;][vc_column_text] Fale conosco [\/vc_column_text][vc_empty_space height=&#8221;15px&#8221;][vc_column_text] Para realizar uma reserva, acesse o submenu Reserva ou clique aqui. Entre em contato conosco atrav\u00e9s do [&hellip;]","og_url":"https:\/\/cruzeirosbar.com.br\/barrafunda\/contato\/","og_site_name":"Cruzeiro&#039;s Bar | Bar e Restaurante na Barra Funda","article_publisher":"https:\/\/www.facebook.com\/cruzeirosbar","article_modified_time":"2020-02-13T18:42:16+00:00","og_image":[{"width":1024,"height":683,"url":"https:\/\/cruzeirosbar.com.br\/barrafunda\/wp-content\/uploads\/2015\/12\/IMG_4641.jpg","type":"image\/jpeg"}],"twitter_card":"summary_large_image","twitter_misc":{"Est. tempo de leitura":"2 minutos"},"schema":{"@context":"https:\/\/schema.org","@graph":[{"@type":"WebPage","@id":"https:\/\/cruzeirosbar.com.br\/barrafunda\/contato\/","url":"https:\/\/cruzeirosbar.com.br\/barrafunda\/contato\/","name":"Contato - Cruzeiro&#039;s Bar | Bar e Restaurante na Barra Funda","isPartOf":{"@id":"https:\/\/cruzeirosbar.com.br\/barrafunda\/#website"},"datePublished":"2015-03-30T10:16:20+00:00","dateModified":"2020-02-13T18:42:16+00:00","breadcrumb":{"@id":"https:\/\/cruzeirosbar.com.br\/barrafunda\/contato\/#breadcrumb"},"inLanguage":"pt-BR","potentialAction":[{"@type":"ReadAction","target":["https:\/\/cruzeirosbar.com.br\/barrafunda\/contato\/"]}]},{"@type":"BreadcrumbList","@id":"https:\/\/cruzeirosbar.com.br\/barrafunda\/contato\/#breadcrumb","itemListElement":[{"@type":"ListItem","position":1,"name":"In\u00edcio","item":"https:\/\/cruzeirosbar.com.br\/barrafunda\/"},{"@type":"ListItem","position":2,"name":"Contato"}]},{"@type":"WebSite","@id":"https:\/\/cruzeirosbar.com.br\/barrafunda\/#website","url":"https:\/\/cruzeirosbar.com.br\/barrafunda\/","name":"Cruzeiro&#039;s Bar | Bar e Restaurante na Barra Funda","description":"A primeira unidade do Cruzeiro&#039;s Bar \u00e9 refer\u00eancia na Barra Funda. Local ideal para almo\u00e7ar, jantar e curtir um happy hour.","publisher":{"@id":"https:\/\/cruzeirosbar.com.br\/barrafunda\/#organization"},"potentialAction":[{"@type":"SearchAction","target":{"@type":"EntryPoint","urlTemplate":"https:\/\/cruzeirosbar.com.br\/barrafunda\/?s={search_term_string}"},"query-input":{"@type":"PropertyValueSpecification","valueRequired":true,"valueName":"search_term_string"}}],"inLanguage":"pt-BR"},{"@type":"Organization","@id":"https:\/\/cruzeirosbar.com.br\/barrafunda\/#organization","name":"Cruzeiro's Bar","url":"https:\/\/cruzeirosbar.com.br\/barrafunda\/","logo":{"@type":"ImageObject","inLanguage":"pt-BR","@id":"https:\/\/cruzeirosbar.com.br\/barrafunda\/#\/schema\/logo\/image\/","url":"http:\/\/cruzeirosbar.com.br\/barrafunda\/wp-content\/uploads\/2015\/03\/logo-2.png","contentUrl":"http:\/\/cruzeirosbar.com.br\/barrafunda\/wp-content\/uploads\/2015\/03\/logo-2.png","width":300,"height":163,"caption":"Cruzeiro's Bar"},"image":{"@id":"https:\/\/cruzeirosbar.com.br\/barrafunda\/#\/schema\/logo\/image\/"},"sameAs":["https:\/\/www.facebook.com\/cruzeirosbar"]}]}},"_links":{"self":[{"href":"https:\/\/cruzeirosbar.com.br\/barrafunda\/wp-json\/wp\/v2\/pages\/294","targetHints":{"allow":["GET"]}}],"collection":[{"href":"https:\/\/cruzeirosbar.com.br\/barrafunda\/wp-json\/wp\/v2\/pages"}],"about":[{"href":"https:\/\/cruzeirosbar.com.br\/barrafunda\/wp-json\/wp\/v2\/types\/page"}],"author":[{"embeddable":true,"href":"https:\/\/cruzeirosbar.com.br\/barrafunda\/wp-json\/wp\/v2\/users\/5"}],"replies":[{"embeddable":true,"href":"https:\/\/cruzeirosbar.com.br\/barrafunda\/wp-json\/wp\/v2\/comments?post=294"}],"version-history":[{"count":28,"href":"https:\/\/cruzeirosbar.com.br\/barrafunda\/wp-json\/wp\/v2\/pages\/294\/revisions"}],"predecessor-version":[{"id":3213,"href":"https:\/\/cruzeirosbar.com.br\/barrafunda\/wp-json\/wp\/v2\/pages\/294\/revisions\/3213"}],"wp:attachment":[{"href":"https:\/\/cruzeirosbar.com.br\/barrafunda\/wp-json\/wp\/v2\/media?parent=294"}],"curies":[{"name":"wp","href":"https:\/\/api.w.org\/{rel}","templated":true}]}}