{"id":1826,"date":"2015-12-16T18:38:40","date_gmt":"2015-12-16T18:38:40","guid":{"rendered":"http:\/\/localhost\/cruzeirosbar\/barrafunda\/?page_id=1826"},"modified":"2021-01-26T16:54:54","modified_gmt":"2021-01-26T16:54:54","slug":"a-casa","status":"publish","type":"page","link":"https:\/\/cruzeirosbar.com.br\/santoandre\/a-casa\/","title":{"rendered":"A Casa"},"content":{"rendered":"<div class=\"wpb-content-wrapper\"><p>[vc_row full_width=&#8221;stretch_row_content_no_spaces&#8221; has_main_navbar=&#8221;true&#8221; css=&#8221;.vc_custom_1450295770761{margin-bottom: 0px !important;}&#8221;][vc_column][thememove_main_nav sticky_type=&#8221;is-headroom&#8221; init_transparent=&#8221;true&#8221; preset=&#8221;preset-02&#8243; bg=&#8221;#111111&#8243;][\/vc_column][\/vc_row][vc_row full_width=&#8221;stretch_row_content_no_spaces&#8221; css=&#8221;.vc_custom_1450300837497{margin-bottom: 0px !important;}&#8221;][vc_column][rev_slider_vc alias=&#8221;home&#8221;][\/vc_column][\/vc_row][vc_row full_width=&#8221;stretch_row_content_no_spaces&#8221; css=&#8221;.vc_custom_1450718811926{margin-bottom: 10px !important;border-top-width: 10px !important;padding-top: 5px !important;padding-bottom: 7px !important;}&#8221;][vc_column text_align=&#8221;text-center&#8221; el_class=&#8221;menu-title&#8221; css=&#8221;.vc_custom_1450300651807{background-color: #e9c847 !important;}&#8221;][thememove_page_header align=&#8221;center&#8221; title=&#8221;A Casa&#8221; title_color=&#8221;#57192e&#8221;][\/vc_column][\/vc_row][vc_row][vc_column][thememove_photo_carousel images=&#8221;1902,1905,1903,1904,1906,1907,1908,1909&#8243;][\/vc_column][\/vc_row][vc_row][vc_column][vc_column_text el_class=&#8221;menu-logo_pb&#8221;]<a href=\"http:\/\/cruzeirosbar.portofinocucinaitaliana.com.br\/shopping\/wp-content\/uploads\/2015\/03\/cruzeirosbar-logo_pb.jpg\" rel=\"attachment wp-att-1790\"><img loading=\"lazy\" decoding=\"async\" class=\"aligncenter wp-image-1790 size-full\" src=\"http:\/\/cruzeirosbar.portofinocucinaitaliana.com.br\/shopping\/wp-content\/uploads\/2015\/03\/cruzeirosbar-logo_pb.jpg\" alt=\"cruzeirosbar-logo_pb\" width=\"652\" height=\"146\" srcset=\"https:\/\/cruzeirosbar.com.br\/santoandre\/wp-content\/uploads\/2015\/03\/cruzeirosbar-logo_pb.jpg 652w, https:\/\/cruzeirosbar.com.br\/santoandre\/wp-content\/uploads\/2015\/03\/cruzeirosbar-logo_pb-300x67.jpg 300w\" sizes=\"auto, (max-width: 652px) 100vw, 652px\" \/><\/a>[\/vc_column_text][vc_column_text]<\/p>\n<p style=\"text-align: center;\"><strong>Ambiente<\/strong><\/p>\n<p>Com a primeira casa localizada na Rua Cruzeiro, Barra Funda &#8211; S\u00e3o Paulo, o Cruzeiro\u2019s Bar traz o conceito de rest\u00f4 bar ao Boulevard Gastron\u00f4mico do Shopping Grand Plaza, no ABC.<\/p>\n<p>Com o prop\u00f3sito\u00a0 de atender um p\u00fablico que busca um ambiente agrad\u00e1vel e de bom gosto, aliado a uma comida brasileira com receitas tradicionais de boteco e grelhados de cortes especiais, o Cruzeiro\u00b4s Bar reafirma o sucesso do grupo da Fam\u00edlia Dargas, que administra outras 5 casas em S\u00e3o Paulo e no Grande ABC.<\/p>\n<p>Com capacidade para atender quase 300 pessoas, a casa \u00e9 ideal para um happy hour e um almo\u00e7o ou jantar com os amigos e familiares.<\/p>\n<p>Destaque para o clima familiar e para a fartura dos pratos e por\u00e7\u00f5es, marcas registrada do Cruzeiro\u2019s e de todas as casas do grupo da Fam\u00edlia Dargas.<\/p>\n<p style=\"text-align: center;\"><strong>Hist\u00f3ria<\/strong><\/p>\n<p>Em 01\u00ba de Abril de 1987, Vilso Dargas e sua esposa Marin\u00eas, partiram de Santa Catarina rumo a S\u00e3o Paulo. Na bagagem, como todo casal no in\u00edcio de suas vidas juntos, muitos planos. Inicialmente come\u00e7aram a trabalhar em uma Churrascaria em Guarulhos. Logo em seguida, os irm\u00e3os Edilson, Moacir, Leomar, Gelson e Jucilene, tamb\u00e9m chegaram a S\u00e3o Paulo.<\/p>\n<p>Todos se dedicaram ao mesmo ramo de atividade, trabalhando em bares, restaurantes e churrascarias. Dessa uni\u00e3o de for\u00e7as e expertises, o sonho da fam\u00edlia de ter o seu pr\u00f3prio neg\u00f3cio foi se fortalecendo e conquistando a realidade.<\/p>\n<p>Hoje, contando com 6 casas bem estabelecidas na cidade de S\u00e3o Paulo e em Santo Andr\u00e9, firmam o prop\u00f3sito de atender um p\u00fablico que busca um ambiente agrad\u00e1vel aliado a uma comida de boteco de qualidade. Com algumas refer\u00eancias da gastronomia do sul do pa\u00eds, os card\u00e1pios das casas tem caracter\u00edsticas regionais de sua terra, com a mistura, no ponto certo, de outros toques da gastronomia brasileira, valorizando a comida simples, que hoje \u00e9 apreciada sob os pilares da qualidade e pre\u00e7o justo.<\/p>\n<p>Temos sempre muita satisfa\u00e7\u00e3o em atender voc\u00ea em nossas casas. Ter voc\u00ea como nosso cliente \u00e9 um privil\u00e9gio e nossa motiva\u00e7\u00e3o em buscarmos a excel\u00eancia em nossos servi\u00e7os.<\/p>\n<p>&nbsp;<\/p>\n<p>[\/vc_column_text][\/vc_column][\/vc_row][vc_row full_width=&#8221;stretch_row_content_no_spaces&#8221; css=&#8221;.vc_custom_1450296097952{margin-bottom: 0px !important;}&#8221;][vc_column][thememove_footer][\/vc_column][\/vc_row]<\/p>\n<\/div>","protected":false},"excerpt":{"rendered":"<p>[vc_row full_width=&#8221;stretch_row_content_no_spaces&#8221; has_main_navbar=&#8221;true&#8221; css=&#8221;.vc_custom_1450295770761{margin-bottom: 0px !important;}&#8221;][vc_column][thememove_main_nav sticky_type=&#8221;is-headroom&#8221; init_transparent=&#8221;true&#8221; preset=&#8221;preset-02&#8243; bg=&#8221;#111111&#8243;][\/vc_column][\/vc_row][vc_row full_width=&#8221;stretch_row_content_no_spaces&#8221; css=&#8221;.vc_custom_1450300837497{margin-bottom: 0px !important;}&#8221;][vc_column][rev_slider_vc alias=&#8221;home&#8221;][\/vc_column][\/vc_row][vc_row full_width=&#8221;stretch_row_content_no_spaces&#8221; css=&#8221;.vc_custom_1450718811926{margin-bottom: 10px !important;border-top-width: 10px !important;padding-top: 5px !important;padding-bottom: 7px !important;}&#8221;][vc_column text_align=&#8221;text-center&#8221; el_class=&#8221;menu-title&#8221; css=&#8221;.vc_custom_1450300651807{background-color: #e9c847 !important;}&#8221;][thememove_page_header align=&#8221;center&#8221; title=&#8221;A Casa&#8221; title_color=&#8221;#57192e&#8221;][\/vc_column][\/vc_row][vc_row][vc_column][thememove_photo_carousel images=&#8221;1902,1905,1903,1904,1906,1907,1908,1909&#8243;][\/vc_column][\/vc_row][vc_row][vc_column][vc_column_text el_class=&#8221;menu-logo_pb&#8221;][\/vc_column_text][vc_column_text] Ambiente Com a primeira casa localizada na Rua Cruzeiro, Barra Funda &#8211; S\u00e3o Paulo, o Cruzeiro\u2019s Bar traz o [&hellip;]<\/p>\n","protected":false},"author":4,"featured_media":0,"parent":0,"menu_order":0,"comment_status":"closed","ping_status":"closed","template":"","meta":{"footnotes":""},"class_list":["post-1826","page","type-page","status-publish","hentry"],"_links":{"self":[{"href":"https:\/\/cruzeirosbar.com.br\/santoandre\/wp-json\/wp\/v2\/pages\/1826","targetHints":{"allow":["GET"]}}],"collection":[{"href":"https:\/\/cruzeirosbar.com.br\/santoandre\/wp-json\/wp\/v2\/pages"}],"about":[{"href":"https:\/\/cruzeirosbar.com.br\/santoandre\/wp-json\/wp\/v2\/types\/page"}],"author":[{"embeddable":true,"href":"https:\/\/cruzeirosbar.com.br\/santoandre\/wp-json\/wp\/v2\/users\/4"}],"replies":[{"embeddable":true,"href":"https:\/\/cruzeirosbar.com.br\/santoandre\/wp-json\/wp\/v2\/comments?post=1826"}],"version-history":[{"count":28,"href":"https:\/\/cruzeirosbar.com.br\/santoandre\/wp-json\/wp\/v2\/pages\/1826\/revisions"}],"predecessor-version":[{"id":2763,"href":"https:\/\/cruzeirosbar.com.br\/santoandre\/wp-json\/wp\/v2\/pages\/1826\/revisions\/2763"}],"wp:attachment":[{"href":"https:\/\/cruzeirosbar.com.br\/santoandre\/wp-json\/wp\/v2\/media?parent=1826"}],"curies":[{"name":"wp","href":"https:\/\/api.w.org\/{rel}","templated":true}]}}