{"id":2293,"date":"2016-01-12T22:55:32","date_gmt":"2016-01-12T22:55:32","guid":{"rendered":"http:\/\/cruzeirosbar.com.br\/shopping\/?page_id=2293"},"modified":"2016-12-06T19:30:50","modified_gmt":"2016-12-06T19:30:50","slug":"trabalhe-conosco","status":"publish","type":"page","link":"https:\/\/cruzeirosbar.com.br\/santoandre\/trabalhe-conosco\/","title":{"rendered":"Trabalhe Conosco"},"content":{"rendered":"<div class=\"wpb-content-wrapper\"><p>[vc_row full_width=&#8221;stretch_row_content_no_spaces&#8221; has_main_navbar=&#8221;true&#8221; rt_presets=&#8221;none&#8221; rst_color=&#8221;#878787&#8243; lb_bg=&#8221;#ca8162&#8243; lb_color=&#8221;#ffffff&#8221; css=&#8221;.vc_custom_1427880703423{margin-bottom: 0px !important;}&#8221;][vc_column][thememove_main_nav sticky_type=&#8221;is-headroom&#8221; text_color_scheme=&#8221;dark&#8221; bg=&#8221;#ffffff&#8221; sticky=&#8221;true&#8221; logo=&#8221;1063&#8243;][\/vc_column][\/vc_row][vc_row full_width=&#8221;stretch_row_content_no_spaces&#8221;][vc_column][rev_slider_vc alias=&#8221;home&#8221;][\/vc_column][\/vc_row][vc_row][vc_column][thememove_page_header align=&#8221;center&#8221; show_motif=&#8221;true&#8221; title=&#8221;Trabalhe Conosco &#8220;][\/vc_column][\/vc_row][vc_row css=&#8221;.vc_custom_1437105349106{margin-bottom: 0px !important;padding-top: 80px !important;padding-bottom: 100px !important;}&#8221; rt_presets=&#8221;none&#8221; rst_color=&#8221;#878787&#8243; lb_color=&#8221;#ca8162&#8243; lb_bg=&#8221;#ca8162&#8243;][vc_column width=&#8221;1\/4&#8243; css=&#8221;.vc_custom_1437105594629{padding-right: 50px !important;padding-left: 50px !important;}&#8221;][vc_single_image image=&#8221;2319&#8243; alignment=&#8221;center&#8221; onclick=&#8221;zoom&#8221; css_animation=&#8221;left-to-right&#8221;][vc_column_text]<\/p>\n<p style=\"text-align: justify;\"><strong>Preencha o formul\u00e1rio e envie para nossa equipe de RH<\/strong>, que entrar\u00e1 em contato assim que poss\u00edvel.<\/p>\n<p style=\"text-align: justify;\">Seus dados ser\u00e3o analisados de acordo com as vagas dispon\u00edveis do <strong>Grupo Fam\u00edlia Dargas<\/strong> ( Casas: <em>Caetano&#8217;s Bar | Villa Caetano&#8217;s | Cruzeiro&#8217;s Bar Cantareira \/ Carapicu\u00edba \/ Barra Funda \/ Santo Andr\u00e9 | PortoFino Cucina Italiana<\/em>).<\/p>\n<p style=\"text-align: justify;\"><strong>Obrigado!<\/strong><\/p>\n<p>[\/vc_column_text][\/vc_column][vc_column width=&#8221;3\/4&#8243;][vc_raw_html]JTNDc2NyaXB0JTIwc3JjJTNEJTIyaHR0cHMlM0ElMkYlMkZwb2Rpby5jb20lMkZ3ZWJmb3JtcyUyRjE1MDc4NjE5JTJGMTAxMDkzNS5qcyUyMiUzRSUzQyUyRnNjcmlwdCUzRSUwQSUzQ3NjcmlwdCUyMHR5cGUlM0QlMjJ0ZXh0JTJGamF2YXNjcmlwdCUyMiUzRSUwQSUyMCUyMF9wb2Rpb1dlYkZvcm0ucmVuZGVyJTI4JTIyMTAxMDkzNSUyMiUyOSUwQSUzQyUyRnNjcmlwdCUzRSUwQSUzQ25vc2NyaXB0JTNFJTBBJTIwJTIwJTNDYSUyMGhyZWYlM0QlMjJodHRwcyUzQSUyRiUyRnBvZGlvLmNvbSUyRndlYmZvcm1zJTJGMTUwNzg2MTklMkYxMDEwOTM1JTIyJTIwdGFyZ2V0JTNEJTIyX2JsYW5rJTIyJTNFUGxlYXNlJTIwZmlsbCUyMG91dCUyMHRoZSUyMGZvcm0lM0MlMkZhJTNFJTBBJTNDJTJGbm9zY3JpcHQlM0U=[\/vc_raw_html][\/vc_column][\/vc_row][vc_row full_width=&#8221;stretch_row_content_no_spaces&#8221; rt_presets=&#8221;none&#8221; rst_color=&#8221;#878787&#8243; lb_bg=&#8221;#ca8162&#8243; lb_color=&#8221;#ffffff&#8221; lb_shape=&#8221;square&#8221; css=&#8221;.vc_custom_1431673193988{margin-bottom: 0px !important;}&#8221;][vc_column][thememove_footer][\/vc_column][\/vc_row]<\/p>\n<\/div>","protected":false},"excerpt":{"rendered":"<p>[vc_row full_width=&#8221;stretch_row_content_no_spaces&#8221; has_main_navbar=&#8221;true&#8221; rt_presets=&#8221;none&#8221; rst_color=&#8221;#878787&#8243; lb_bg=&#8221;#ca8162&#8243; lb_color=&#8221;#ffffff&#8221; css=&#8221;.vc_custom_1427880703423{margin-bottom: 0px !important;}&#8221;][vc_column][thememove_main_nav sticky_type=&#8221;is-headroom&#8221; text_color_scheme=&#8221;dark&#8221; bg=&#8221;#ffffff&#8221; sticky=&#8221;true&#8221; logo=&#8221;1063&#8243;][\/vc_column][\/vc_row][vc_row full_width=&#8221;stretch_row_content_no_spaces&#8221;][vc_column][rev_slider_vc alias=&#8221;home&#8221;][\/vc_column][\/vc_row][vc_row][vc_column][thememove_page_header align=&#8221;center&#8221; show_motif=&#8221;true&#8221; title=&#8221;Trabalhe Conosco &#8220;][\/vc_column][\/vc_row][vc_row css=&#8221;.vc_custom_1437105349106{margin-bottom: 0px !important;padding-top: 80px !important;padding-bottom: 100px !important;}&#8221; rt_presets=&#8221;none&#8221; rst_color=&#8221;#878787&#8243; lb_color=&#8221;#ca8162&#8243; lb_bg=&#8221;#ca8162&#8243;][vc_column width=&#8221;1\/4&#8243; css=&#8221;.vc_custom_1437105594629{padding-right: 50px !important;padding-left: 50px !important;}&#8221;][vc_single_image image=&#8221;2319&#8243; alignment=&#8221;center&#8221; onclick=&#8221;zoom&#8221; css_animation=&#8221;left-to-right&#8221;][vc_column_text] Preencha o formul\u00e1rio e envie para nossa equipe de RH, que entrar\u00e1 [&hellip;]<\/p>\n","protected":false},"author":4,"featured_media":0,"parent":0,"menu_order":0,"comment_status":"closed","ping_status":"closed","template":"","meta":{"footnotes":""},"class_list":["post-2293","page","type-page","status-publish","hentry"],"_links":{"self":[{"href":"https:\/\/cruzeirosbar.com.br\/santoandre\/wp-json\/wp\/v2\/pages\/2293","targetHints":{"allow":["GET"]}}],"collection":[{"href":"https:\/\/cruzeirosbar.com.br\/santoandre\/wp-json\/wp\/v2\/pages"}],"about":[{"href":"https:\/\/cruzeirosbar.com.br\/santoandre\/wp-json\/wp\/v2\/types\/page"}],"author":[{"embeddable":true,"href":"https:\/\/cruzeirosbar.com.br\/santoandre\/wp-json\/wp\/v2\/users\/4"}],"replies":[{"embeddable":true,"href":"https:\/\/cruzeirosbar.com.br\/santoandre\/wp-json\/wp\/v2\/comments?post=2293"}],"version-history":[{"count":3,"href":"https:\/\/cruzeirosbar.com.br\/santoandre\/wp-json\/wp\/v2\/pages\/2293\/revisions"}],"predecessor-version":[{"id":2320,"href":"https:\/\/cruzeirosbar.com.br\/santoandre\/wp-json\/wp\/v2\/pages\/2293\/revisions\/2320"}],"wp:attachment":[{"href":"https:\/\/cruzeirosbar.com.br\/santoandre\/wp-json\/wp\/v2\/media?parent=2293"}],"curies":[{"name":"wp","href":"https:\/\/api.w.org\/{rel}","templated":true}]}}